{"id":25107373,"date":"2024-04-04T22:33:41","date_gmt":"2024-04-04T22:33:41","guid":{"rendered":"https:\/\/ivfschweiz.ch\/?page_id=25107373"},"modified":"2024-09-10T08:35:44","modified_gmt":"2024-09-10T08:35:44","slug":"impressum-2","status":"publish","type":"page","link":"https:\/\/ivfschweiz.ch\/index.php\/impressum-2\/","title":{"rendered":"Impressum"},"content":{"rendered":"\t\t<div data-elementor-type=\"wp-page\" data-elementor-id=\"25107373\" class=\"elementor elementor-25107373\" data-elementor-post-type=\"page\">\r\n\t\t\t\t<div class=\"elementor-element elementor-element-cfbaf67 e-flex e-con-boxed e-con e-parent\" data-id=\"cfbaf67\" data-element_type=\"container\">\r\n\t\t\t\t\t<div class=\"e-con-inner\">\r\n\t\t\t\t<div class=\"elementor-element elementor-element-9a975f7 elementor-widget elementor-widget-heading\" data-id=\"9a975f7\" data-element_type=\"widget\" data-widget_type=\"heading.default\">\r\n\t\t\t\t<div class=\"elementor-widget-container\">\r\n\t\t\t<style>\/*! elementor - v3.21.0 - 26-05-2024 *\/\n.elementor-heading-title{padding:0;margin:0;line-height:1}.elementor-widget-heading .elementor-heading-title[class*=elementor-size-]>a{color:inherit;font-size:inherit;line-height:inherit}.elementor-widget-heading .elementor-heading-title.elementor-size-small{font-size:15px}.elementor-widget-heading .elementor-heading-title.elementor-size-medium{font-size:19px}.elementor-widget-heading .elementor-heading-title.elementor-size-large{font-size:29px}.elementor-widget-heading .elementor-heading-title.elementor-size-xl{font-size:39px}.elementor-widget-heading .elementor-heading-title.elementor-size-xxl{font-size:59px}<\/style><h2 class=\"elementor-heading-title elementor-size-default\">Impressum<\/h2>\t\t<\/div>\r\n\t\t\t\t<\/div>\r\n\t\t\t\t<div class=\"elementor-element elementor-element-5fab873 elementor-widget elementor-widget-text-editor\" data-id=\"5fab873\" data-element_type=\"widget\" data-widget_type=\"text-editor.default\">\r\n\t\t\t\t<div class=\"elementor-widget-container\">\r\n\t\t\t<style>\/*! elementor - v3.21.0 - 26-05-2024 *\/\n.elementor-widget-text-editor.elementor-drop-cap-view-stacked .elementor-drop-cap{background-color:#69727d;color:#fff}.elementor-widget-text-editor.elementor-drop-cap-view-framed .elementor-drop-cap{color:#69727d;border:3px solid;background-color:transparent}.elementor-widget-text-editor:not(.elementor-drop-cap-view-default) .elementor-drop-cap{margin-top:8px}.elementor-widget-text-editor:not(.elementor-drop-cap-view-default) .elementor-drop-cap-letter{width:1em;height:1em}.elementor-widget-text-editor .elementor-drop-cap{float:left;text-align:center;line-height:1;font-size:50px}.elementor-widget-text-editor .elementor-drop-cap-letter{display:inline-block}<\/style>\t\t\t\t<p class=\"p1\">gem. MedienG, ECG, UGB, Stand: Mai 2018 Inhaber und Betreiber dieser Website<\/p><p class=\"p1\">Next Fertility St. Gallen AG<\/p><p class=\"p1\">K\u00fcrsteinerstrasse 2<\/p><p class=\"p1\">9015 St. Gallen, Schweiz (CH)<\/p><p class=\"p1\">Gesch\u00e4ftsf\u00fchrer: J\u00fcrgen Schaubel<\/p><p class=\"p1\">Email: info@fivet-ivf.ch<\/p><p class=\"p1\">Telefon: +41 71 950 1580<\/p><p class=\"p1\">Website: https:\/\/www.fivet-ivf.ch<\/p><p class=\"p1\">Die folgenden Informationen beziehen sich auf die Arzte: F\u00fcr alle Arzte gilt: Die jeweils genannten gesetzlichen Berufsbezeichnungen wurden in der Schweiz verliehen. Es besteht eine Mitgliedschaft in der \u00c4rztekammer des jeweiligen Landes. Die berufsrechtliche Regelung ist die Berufsordnung der \u00c4rzte, die T\u00e4tigkeit unterliegt dem Arztegesetz.<\/p><p class=\"p1\">Haftung f\u00fcr Inhalte<\/p><p class=\"p1\">Die Inhalte dieser Website richten sich in erster Linie an Paare mit Kinderwunsch bzw. Personen, die sich f\u00fcr medizinische Hilfe bei ungewollter Kinderlosigkeit interessieren.<\/p><p class=\"p1\">Wir sind darum bem\u00fcht, stets auf selbst erstellte Inhalte zur\u00fcckzugreifen und ggf. die Urheberrechte anderer zu beachten. S\u00e4mtliche eigene Inhalte auf dieser Website werden von uns mit gr\u00f6\u00dfter Sorgfalt erstellt und gepr\u00fcft. Dessen ungeachtet kann keine Garantie f\u00fcr Richtigkeit, Vollst\u00e4ndigkeit und Aktualit\u00e4t der Angaben \u00fcbernommen werden. Unser Angebot enth\u00e4lt auch Links zu externen Webseiten Dritter, auf deren Inhalte wir keinen Einfluss haben. Deshalb k\u00f6nnen wir f\u00fcr diese fremden Inhalte auch keine Gew\u00e4hr \u00fcbernehmen. F\u00fcr die Inhalte der verlinkten Seiten ist stets der jeweilige Anbieter oder Betreiber der Seiten verantwortlich. Wird sind aber selbstverst\u00e4ndlich darum bem\u00fcht, bei bekannt werden von entsprechenden Rechtsverletzungen diese Inhalte umgehend richtig zu stellen.<\/p><p class=\"p1\">Haftungsanspr\u00fcche gegen die \u00c4rzte sowie die Autoren oder an der Bereitstellung von Beitr\u00e4gen Mitwirkende, welche sich auf Sch\u00e4den materieller oder ideeller Art beziehen, die durch die Nutzung oder Nichtnutzung der dargebotenen Informationen bzw. durch die Nutzung fehlerhafter und unvollst\u00e4ndiger informationen verursacht wurden, sind ausgeschlossen. Soweit Gesetze, Normen, Verordnungen o.a. zitiert werden, \u00fcbernehmen wir keine Gew\u00e4hr f\u00fcr die Richtigkeit bzw. Aktualit\u00e4t der Angaben dieser Website. In Zweifelsf\u00e4llen sind die Originalquellen heranzuziehen. Alle Angebote sind freibleibend und unverbindlich.<\/p><p class=\"p1\">Wir behalten uns ausdr\u00fccklich vor, Teile der Seiten oder das gesamte Angebot ohne gesonderte Ank\u00fcndigung zu ver\u00e4ndern, zu erg\u00e4nzen, zu l\u00f6schen oder die Ver\u00f6ffentlichung zeitweise oder endg\u00fcltig einzustellen. Alle fachspezifischen Informationen, die auf dieser Website zu finden sind, werden von qualifizierten Fachleuten gegeben. Sie d\u00fcrfen jedoch nicht als Ersatz f\u00fcr die individuelle professionelle Beratung oder Behandlung durch ausgebildete und anerkannte Fachleute angesehen werden.<\/p><p class=\"p1\">Urheberrecht \/ Copyright<\/p><p class=\"p1\">Das Copyright f\u00fcr ver\u00f6ffentlichte, vom oben genannten Betreiber selbst erstellte Objekte bleibt allein beim Betreiber. Es ist insbesondere nicht gestattet, ohne ausdr\u00fcckliche Zustimmung solche Grafiken, Tondokumente, Videosequenzen und Texte oder Teile daraus f\u00fcr gewerbliche Zwecke zu \u00fcbernehmen, zu \u00fcbersetzen, zu vervielf\u00e4ltigen, einzuspeichern oder in irgendeiner Weise zu ver\u00e4ndern. Das Herunterladen oder Ausdrucken einzelner Seiten f\u00fcr den privaten Gebrauch ist gestattet. Auch die Linksammlungen unterliegen urheberrechtlichem Schutz. Links von anderen Webseiten auf diese Website sind gestattet und erw\u00fcnscht. Voraussetzung ist, dass vollst\u00e4ndig zur Website gewechselt wird. Die Einbettung\/\u00dcbernahme einzelner Elemente oder Inhalte auf anderen Seiten ist nicht erlaubt. Alle innerhalb des Internetangebotes genannten und gegebenenfalls durch Dritte gesch\u00fctzten Marken-und Warenzeichen unterliegen uneingeschr\u00e4nkt den Bestimmungen des jeweils g\u00fcltigen Kennzeichenrechts und den Besitzrechten der jeweiligen eingetragenen Eigent\u00fcmer. Allein aufgrund der blo\u00dfen Nennung ist nicht der Schluss zu ziehen, dass<\/p><p class=\"p1\">Markenzeichen nicht durch Rechte Dritter gesch\u00fctzt sind.<\/p>\t\t\t\t\t\t<\/div>\r\n\t\t\t\t<\/div>\r\n\t\t\t\t\t<\/div>\r\n\t\t\t\t<\/div>\r\n\t\t\t\t<\/div>\r\n\t\t","protected":false},"excerpt":{"rendered":"<p>Impressum gem. MedienG, ECG, UGB, Stand: Mai 2018 Inhaber und Betreiber dieser Website Next Fertility St. Gallen AG K\u00fcrsteinerstrasse 2 9015 St. Gallen, Schweiz (CH) Gesch\u00e4ftsf\u00fchrer: J\u00fcrgen Schaubel Email: info@fivet-ivf.ch Telefon: +41 71 950 1580 Website: https:\/\/www.fivet-ivf.ch Die folgenden Informationen beziehen sich auf die Arzte: F\u00fcr alle Arzte gilt: Die jeweils genannten gesetzlichen Berufsbezeichnungen wurden [&hellip;]<\/p>\n","protected":false},"author":2,"featured_media":0,"parent":0,"menu_order":0,"comment_status":"closed","ping_status":"closed","template":"","meta":{"_acf_changed":false,"footnotes":""},"class_list":["post-25107373","page","type-page","status-publish","hentry"],"acf":[],"_links":{"self":[{"href":"https:\/\/ivfschweiz.ch\/index.php\/wp-json\/wp\/v2\/pages\/25107373","targetHints":{"allow":["GET"]}}],"collection":[{"href":"https:\/\/ivfschweiz.ch\/index.php\/wp-json\/wp\/v2\/pages"}],"about":[{"href":"https:\/\/ivfschweiz.ch\/index.php\/wp-json\/wp\/v2\/types\/page"}],"author":[{"embeddable":true,"href":"https:\/\/ivfschweiz.ch\/index.php\/wp-json\/wp\/v2\/users\/2"}],"replies":[{"embeddable":true,"href":"https:\/\/ivfschweiz.ch\/index.php\/wp-json\/wp\/v2\/comments?post=25107373"}],"version-history":[{"count":3,"href":"https:\/\/ivfschweiz.ch\/index.php\/wp-json\/wp\/v2\/pages\/25107373\/revisions"}],"predecessor-version":[{"id":25108038,"href":"https:\/\/ivfschweiz.ch\/index.php\/wp-json\/wp\/v2\/pages\/25107373\/revisions\/25108038"}],"wp:attachment":[{"href":"https:\/\/ivfschweiz.ch\/index.php\/wp-json\/wp\/v2\/media?parent=25107373"}],"curies":[{"name":"wp","href":"https:\/\/api.w.org\/{rel}","templated":true}]}}