{"id":25107368,"date":"2024-04-04T22:31:52","date_gmt":"2024-04-04T22:31:52","guid":{"rendered":"https:\/\/ivfschweiz.ch\/?page_id=25107368"},"modified":"2024-04-04T22:31:52","modified_gmt":"2024-04-04T22:31:52","slug":"datenschutz","status":"publish","type":"page","link":"https:\/\/ivfschweiz.ch\/index.php\/datenschutz\/","title":{"rendered":"Datenschutz"},"content":{"rendered":"\t\t<div data-elementor-type=\"wp-page\" data-elementor-id=\"25107368\" class=\"elementor elementor-25107368\" data-elementor-post-type=\"page\">\r\n\t\t\t\t<div class=\"elementor-element elementor-element-000cf38 e-flex e-con-boxed e-con e-parent\" data-id=\"000cf38\" data-element_type=\"container\">\r\n\t\t\t\t\t<div class=\"e-con-inner\">\r\n\t\t\t\t<div class=\"elementor-element elementor-element-ae0ceaa elementor-widget elementor-widget-heading\" data-id=\"ae0ceaa\" data-element_type=\"widget\" data-widget_type=\"heading.default\">\r\n\t\t\t\t<div class=\"elementor-widget-container\">\r\n\t\t\t<style>\/*! elementor - v3.21.0 - 26-05-2024 *\/\n.elementor-heading-title{padding:0;margin:0;line-height:1}.elementor-widget-heading .elementor-heading-title[class*=elementor-size-]>a{color:inherit;font-size:inherit;line-height:inherit}.elementor-widget-heading .elementor-heading-title.elementor-size-small{font-size:15px}.elementor-widget-heading .elementor-heading-title.elementor-size-medium{font-size:19px}.elementor-widget-heading .elementor-heading-title.elementor-size-large{font-size:29px}.elementor-widget-heading .elementor-heading-title.elementor-size-xl{font-size:39px}.elementor-widget-heading .elementor-heading-title.elementor-size-xxl{font-size:59px}<\/style><h2 class=\"elementor-heading-title elementor-size-default\">Datenschutz<\/h2>\t\t<\/div>\r\n\t\t\t\t<\/div>\r\n\t\t\t\t<div class=\"elementor-element elementor-element-036433a elementor-widget elementor-widget-text-editor\" data-id=\"036433a\" data-element_type=\"widget\" data-widget_type=\"text-editor.default\">\r\n\t\t\t\t<div class=\"elementor-widget-container\">\r\n\t\t\t<style>\/*! elementor - v3.21.0 - 26-05-2024 *\/\n.elementor-widget-text-editor.elementor-drop-cap-view-stacked .elementor-drop-cap{background-color:#69727d;color:#fff}.elementor-widget-text-editor.elementor-drop-cap-view-framed .elementor-drop-cap{color:#69727d;border:3px solid;background-color:transparent}.elementor-widget-text-editor:not(.elementor-drop-cap-view-default) .elementor-drop-cap{margin-top:8px}.elementor-widget-text-editor:not(.elementor-drop-cap-view-default) .elementor-drop-cap-letter{width:1em;height:1em}.elementor-widget-text-editor .elementor-drop-cap{float:left;text-align:center;line-height:1;font-size:50px}.elementor-widget-text-editor .elementor-drop-cap-letter{display:inline-block}<\/style>\t\t\t\t<ol start=\"1\" type=\"1\"><li><strong>Allgemein<\/strong><\/li><\/ol><p>Wir nehmen den Schutz der pers\u00f6nlichen Daten sehr ernst und halten uns strikt an die Regeln der Datenschutzgesetzes DSG. Ebenso werden die erhobenen Daten durch technische und organisatorische Ma\u00dfnahmen nach besten M\u00f6glichkeiten gesch\u00fctzt. Pers\u00f6nliche Daten werden nur unternehmensintern verarbeitet. Eine Weitergabe an Dritte erfolgt grunds\u00e4tzlich nicht. Ausnahmen hiervon gelten nur im Fall medizinischer oder gesetzlicher Verpflichtung, oder wenn Sie ausdr\u00fccklich in eine solche Weitergabe eingewilligt haben und diese w\u00fcnschen.<\/p><p>Diese Erkl\u00e4rung soll Ihnen einen \u00dcberblick dar\u00fcber geben, wie wir diesen Schutz gew\u00e4hrleisten und welche Art von Daten zu welchem Zweck erhoben werden.<\/p><ol start=\"2\" type=\"1\"><li><strong>Verbindungs- und Laufzeitdaten<\/strong><\/li><\/ol><p>F\u00fcr die fr\u00fchzeitige Erkennung von Fehlern, zur Optimierung unserer Homepages oder zur Messung und Bewertung unserer Kommunikationskampagnen werden beim Aufruf unserer Websites im Server-Log automatisch technische Informationen zu Browser\/Verbindung gespeichert, darunter Browsertyp\/-version, Betriebssystem, IP-Adresse des Rechners, Verbindungsidentifikation, verlinkende Herkunftsseite (Referrer URL) und Datum\/Uhrzeit.<\/p><p>Diese Daten sind keinen bestimmten Personen zuordenbar. Eine Zusammenf\u00fchrung dieser Daten mit anderen Datenquellen (z.B. etwaigen Registrierungsdaten, siehe 4. Anmeldepflichtige Dienste) wird nicht vorgenommen. Die Daten werden nach festgelegter Verfahrensweise gem. Datenschutzrichtlinien gel\u00f6scht.<\/p><ol start=\"3\" type=\"1\"><li><strong>Anmeldepflichtige Dienste<\/strong><\/li><\/ol><p>Wenn Sie die auf der Webseite angebotenen personalisierten (teilweise kostenpflichtigen) Angebote und Serviceleistungen (z.B. Newsletter, Anmeldung zu unseren Informations-Veranstaltungen) nutzen m\u00f6chten, m\u00fcssen wir, um diese Serviceleistungen ordnungsgem\u00e4\u00df f\u00fcr Sie erbringen zu k\u00f6nnen, zus\u00e4tzliche Informationen von Ihnen erheben.<\/p><p>Hierzu z\u00e4hlen insbesondere Ihr Name, Ihre E-Mailadresse sowie weitere Informationen (z.B. Wohnort, Telefonnummer). Nur mit diesen Daten ist es uns beispielsweise m\u00f6glich, zu verifizieren, ob Sie rechtm\u00e4\u00dfiger Inhaber einer angegebenen E-Mail-Adresse sind (um missbr\u00e4uchliche Registrierungen zu verhindern), wir Email-Nachrichten zusenden d\u00fcrfen, Anmeldungen zu unseren Veranstaltungen g\u00fcltig sind, oder dass wir in Auftrag gegebene Dienstleistungen ordnungsgem\u00e4\u00df abrechnen k\u00f6nnen.<\/p><p>Abh\u00e4ngig vom jeweiligen Service k\u00f6nnen Sie uns im Rahmen von Registrierungen\/Anmeldungen weitere, Daten (z.B. Alter, pers\u00f6nliche Nachrichten), auf freiwilliger Basis (z.B. \u00fcber entsprechende Formularfelder) zur Verf\u00fcgung stellen. Diese Angaben helfen uns, Prozesse in der Kommunikation mit Ihnen bzw. f\u00fcr die Erbringung unserer Leistungen zu vereinfachen und zu beschleunigen, und werden von uns zur bedarfsgerechten Ausgestaltung unserer Behandlungs-Angebote, f\u00fcr die richtige Bereitstellung weiterf\u00fchrender Informationen und Hinweise bzw. zur Kontaktpflege genutzt.<\/p><p>Bei diesen zus\u00e4tzlichen Informationen (z.B. Emailadresse) handelt es sich i.d.R. um personenbezogene Daten, bzw. Daten, die die Feststellung Ihrer Identit\u00e4t erm\u00f6glichen. Eine Weitergabe an Dritte erfolgt grunds\u00e4tzlich nicht (vgl. 1. Allgemein).<\/p><p>Grunds\u00e4tzlich erfordert die allgemeine Nutzung der zugangsfreien Bereiche\/Services auf unseren Websites jedoch keine derartige Offenlegung Ihrer Identit\u00e4t.<\/p><ol start=\"4\" type=\"1\"><li><strong>Cookies<\/strong><\/li><\/ol><p>Wie auf Internetseiten heute \u00fcblich verwenden auch wir Cookies. Diese dienen dazu, unser Angebot nutzerfreundlicher, effektiver und sicherer zu machen. Cookies sind kleine Textdateien, die auf Ihrem Rechner abgelegt werden und die Ihr Browser speichert. Sie k\u00f6nnen die Verwendung von Cookies durch eine entsprechende Einstellung in Ihrem Browser verhindern. Wir weisen Sie darauf hin, dass in diesem Fall einige Funktionen der Website deaktiviert werden und f\u00fcr Sie nicht mehr zur Verf\u00fcgung stehen. Unsere Cookies richten auf Ihrem Rechner keinen Schaden an und enthalten keine Viren.<\/p><ol start=\"5\" type=\"1\"><li><strong>Google Analytics<\/strong><\/li><\/ol><p>Diese Website benutzt Google Analytics, einen Webanalysedienst von Google LLC (\u201cGoogle\u201d), Mountain View, CA 94043, USA. Google Analytics verwendet Cookies (siehe 5. Cookies), die ein Monitoring \u00fcber die Website-Benutzung erm\u00f6glicht. Die durch das Cookie abgefragten Informationen werden von Google festgelegt und auf deren Servernetzwerk (z.B. in den USA) \u00fcbertragen und dort gespeichert. Google wird diese Informationen benutzen, um Ihre Nutzung der Website auszuwerten, um Reports \u00fcber die Websiteaktivit\u00e4ten f\u00fcr die Websitebetreiber zusammenzustellen und um weitere mit der Websitenutzung und der Internetnutzung verbundene Dienstleistungen zu erbringen. Google kann diese Informationen gegebenenfalls auch an Dritte \u00fcbertragen, sofern dies gesetzlich vorgeschrieben oder soweit Dritte diese Daten im Auftrag von Google verarbeiten. Nach aktuellem Stand der Erkl\u00e4rungen wird Google Ihre IP-Adresse nicht mit anderen Daten von Google in Verbindung bringen. Durch die Nutzung dieser Website erkl\u00e4ren Sie sich mit der Bearbeitung der \u00fcber Ihren Browser bzw. das Google-Cookie erhobenen Daten in der zuvor beschriebenen Art und Weise und zu dem zuvor benannten Zweck einverstanden.<\/p><ol start=\"6\" type=\"1\"><li><strong>Social Plugins (z.B. \u201cShare-Buttons\u201d)<\/strong><\/li><\/ol><p>Wir wollen Sie hiermit ausdr\u00fccklich darauf hinweisen, dass Social Plugins (z.B. Facebook-Like-Buttons) bei entsprechender User-Interaktion (z.B. Anklicken) im Hintergrund teilweise Benutzerdaten zu den Servern des jeweiligen Sozialen Netzwerks (z.B. Facebook) \u00fcbermitteln. Dieser Vorgang ist Ihnen bewusst. Au\u00dferhalb unserer Server liegt die Verantwortung f\u00fcr die Datenverarbeitung sodann beim Anbieter bzw. Betreiber des jeweiligen Sozialen Netzwerks.<\/p><ol start=\"7\" type=\"1\"><li><strong>Remarketing\/Retargeting (z.B. Google Display Network)<\/strong><\/li><\/ol><p>Remarketing-Technologie dient dazu, Internetnutzern interessensbezogene Werbeanzeigen zu pr\u00e4sentieren. Hierf\u00fcr wird im Browser des Webseitenbesuchers ein Cookie gespeichert (siehe 5. Cookies), das es erm\u00f6glicht, den Besucher auf anderen Seiten wiederzuerkennen, und ihm dort Informationen (auch Werbeeinschaltungen) zu f\u00fcr ihn relevanten Themen zu pr\u00e4sentieren.<\/p><p>Google erhebt nach eigenen Angaben bei diesem Vorgang keine personenbezogenen Daten. Sollten Sie diese Funktion dennoch nicht w\u00fcnschen, ist eine Deaktivierung \u00fcber die entsprechenden Einstellungen unter http:\/\/www.google.com\/settings\/ads m\u00f6glich. Alternativ k\u00f6nnen Sie den Einsatz von Cookies f\u00fcr interessenbezogene Werbung \u00fcber die Werbenetzwerkinitiative deaktivieren, indem Sie den Anweisungen unter http:\/\/www.networkadvertising.org\/managing\/opt_out.asp folgen.<\/p><ol start=\"8\" type=\"1\"><li><strong>Widerspruch gegen die (weitere) Datenverarbeitung und \u2013nutzung<\/strong><\/li><\/ol><p>Die Einwilligung zur Speicherung Ihrer pers\u00f6nlichen Daten und deren Nutzung zur Erbringung der jeweiligen Dienste k\u00f6nnen Sie uns gegen\u00fcber jederzeit widerrufen. Bitte beachten Sie, dass wir auch nach Ihrem Widerspruch gegen die Datenverwendung und\/oder -speicherung Ihre Daten zu Abrechnungszwecken im erforderlichen Umfang verarbeiten d\u00fcrfen.<\/p><p>Ferner hat der Widerspruch gegen eine weitere Datenverwendung zur Folge, dass Sie ggf. die bezogenen Service-Leistungen nicht weiter beziehen k\u00f6nnen bzw. die Erbringung unserer Leistungen damit umgehend eingestellt wird. Ihre personenbezogenen Daten werden in diesem Zusammenhang gel\u00f6scht und in unserem Bestand nicht weiter vorgehalten.<\/p><ol start=\"9\" type=\"1\"><li><strong>Auskunftsrecht<\/strong><\/li><\/ol><p>Unter Ber\u00fccksichtigung der Kriterien und der geregelten Vorgehensweisen gem\u00e4\u00df Datenschutzrichtlinie haben Sie jederzeit das Recht auf Auskunft \u00fcber Art und Umfang \u00fcber die zu Ihrer Person gespeicherten Daten, deren Herkunft und deren Empf\u00e4nger sowie den Zweck der Speicherung. (siehe 13. Kontakt f\u00fcr Anliegen hinsichtlich Datenschutzes).<\/p><ol start=\"10\" type=\"1\"><li><strong>Weitere Informationen<\/strong><\/li><\/ol><p>Vertrauen ist uns sehr wichtig. Wenn Sie Fragen haben, die Ihnen diese Datenschutzerkl\u00e4rung nicht beantworten konnte, oder wenn Sie zu einem Punkt vertiefende Informationen w\u00fcnschen, wenden Sie sich bitte jederzeit an unsere Datenschutz-Abteilung (siehe 13. Kontakt f\u00fcr Anliegen hinsichtlich Datenschutzes).<\/p><ol start=\"11\" type=\"1\"><li><strong>Bewerbungen<\/strong><\/li><\/ol><p>Es werden nur jene Daten verarbeitet, die sie selbst uns zum Zwecke ihrer Bewerbung zur Verf\u00fcgung stellen. Diese Daten werden ausschlie\u00dflich zur Bearbeitung Ihrer Bewerbung verwendet und daher ausschlie\u00dflich intern und nur an die mit der Stellenbesetzung befassten Personen weitergeleitet. \u00dcben Sie das Recht auf L\u00f6schung, Einschr\u00e4nkung der Verarbeitung oder Widerspruch w\u00e4hrend des Bewerbungsverfahrens aus, hat das die sofortige Beendigung der Bearbeitung zur Folge. Ist Ihre Bewerbung nicht erfolgreich, werden nach der Zusendung der Absage Ihre Bewerbungsunterlagen gel\u00f6scht bzw. vernichtet.<\/p><ol start=\"12\" type=\"1\"><li><strong>\u00c4nderungen und Abrufbarkeit der Datenschutzbestimmungen<\/strong><\/li><\/ol><p>Die aktuelle Version unserer Datenschutzerkl\u00e4rung finden Sie auf unserer Website unter http:\/\/datenschutz.ivf.at<\/p><ol start=\"13\" type=\"1\"><li><strong>Kontakt f\u00fcr Anliegen hinsichtlich Datenschutzes<\/strong><\/li><\/ol><p>Unseren Datenschutzbeauftragten erreichen Sie unter:\u00a0<a href=\"mailto:datenschutz@fivet-ivf.\">datenschutz@fivet-ivf.<\/a>ch<\/p><p>Betreiber und Herausgeber dieser Website:<br \/>siehe\u00a0<a href=\"https:\/\/www.fivet-ivf.ch\/kinderwunsch.php?c=impressum\">\u2192 Impressum<\/a><\/p>\t\t\t\t\t\t<\/div>\r\n\t\t\t\t<\/div>\r\n\t\t\t\t\t<\/div>\r\n\t\t\t\t<\/div>\r\n\t\t\t\t<\/div>\r\n\t\t","protected":false},"excerpt":{"rendered":"<p>Datenschutz Allgemein Wir nehmen den Schutz der pers\u00f6nlichen Daten sehr ernst und halten uns strikt an die Regeln der Datenschutzgesetzes DSG. Ebenso werden die erhobenen Daten durch technische und organisatorische Ma\u00dfnahmen nach besten M\u00f6glichkeiten gesch\u00fctzt. Pers\u00f6nliche Daten werden nur unternehmensintern verarbeitet. Eine Weitergabe an Dritte erfolgt grunds\u00e4tzlich nicht. Ausnahmen hiervon gelten nur im Fall medizinischer [&hellip;]<\/p>\n","protected":false},"author":2,"featured_media":0,"parent":0,"menu_order":0,"comment_status":"closed","ping_status":"closed","template":"","meta":{"_acf_changed":false,"footnotes":""},"class_list":["post-25107368","page","type-page","status-publish","hentry"],"acf":[],"_links":{"self":[{"href":"https:\/\/ivfschweiz.ch\/index.php\/wp-json\/wp\/v2\/pages\/25107368","targetHints":{"allow":["GET"]}}],"collection":[{"href":"https:\/\/ivfschweiz.ch\/index.php\/wp-json\/wp\/v2\/pages"}],"about":[{"href":"https:\/\/ivfschweiz.ch\/index.php\/wp-json\/wp\/v2\/types\/page"}],"author":[{"embeddable":true,"href":"https:\/\/ivfschweiz.ch\/index.php\/wp-json\/wp\/v2\/users\/2"}],"replies":[{"embeddable":true,"href":"https:\/\/ivfschweiz.ch\/index.php\/wp-json\/wp\/v2\/comments?post=25107368"}],"version-history":[{"count":0,"href":"https:\/\/ivfschweiz.ch\/index.php\/wp-json\/wp\/v2\/pages\/25107368\/revisions"}],"wp:attachment":[{"href":"https:\/\/ivfschweiz.ch\/index.php\/wp-json\/wp\/v2\/media?parent=25107368"}],"curies":[{"name":"wp","href":"https:\/\/api.w.org\/{rel}","templated":true}]}}