{"id":25107363,"date":"2024-04-04T22:30:39","date_gmt":"2024-04-04T22:30:39","guid":{"rendered":"https:\/\/ivfschweiz.ch\/?page_id=25107363"},"modified":"2024-04-04T22:30:39","modified_gmt":"2024-04-04T22:30:39","slug":"presse-2","status":"publish","type":"page","link":"https:\/\/ivfschweiz.ch\/index.php\/presse-2\/","title":{"rendered":"Presse"},"content":{"rendered":"\t\t<div data-elementor-type=\"wp-page\" data-elementor-id=\"25107363\" class=\"elementor elementor-25107363\" data-elementor-post-type=\"page\">\r\n\t\t\t\t<div class=\"elementor-element elementor-element-d0f47de e-flex e-con-boxed e-con e-parent\" data-id=\"d0f47de\" data-element_type=\"container\">\r\n\t\t\t\t\t<div class=\"e-con-inner\">\r\n\t\t\t\t<div class=\"elementor-element elementor-element-8eed734 elementor-widget elementor-widget-heading\" data-id=\"8eed734\" data-element_type=\"widget\" data-widget_type=\"heading.default\">\r\n\t\t\t\t<div class=\"elementor-widget-container\">\r\n\t\t\t<style>\/*! elementor - v3.21.0 - 26-05-2024 *\/\n.elementor-heading-title{padding:0;margin:0;line-height:1}.elementor-widget-heading .elementor-heading-title[class*=elementor-size-]>a{color:inherit;font-size:inherit;line-height:inherit}.elementor-widget-heading .elementor-heading-title.elementor-size-small{font-size:15px}.elementor-widget-heading .elementor-heading-title.elementor-size-medium{font-size:19px}.elementor-widget-heading .elementor-heading-title.elementor-size-large{font-size:29px}.elementor-widget-heading .elementor-heading-title.elementor-size-xl{font-size:39px}.elementor-widget-heading .elementor-heading-title.elementor-size-xxl{font-size:59px}<\/style><h2 class=\"elementor-heading-title elementor-size-default\">Presse<\/h2>\t\t<\/div>\r\n\t\t\t\t<\/div>\r\n\t\t\t\t<div class=\"elementor-element elementor-element-f4ee5ad elementor-widget elementor-widget-text-editor\" data-id=\"f4ee5ad\" data-element_type=\"widget\" data-widget_type=\"text-editor.default\">\r\n\t\t\t\t<div class=\"elementor-widget-container\">\r\n\t\t\t<style>\/*! elementor - v3.21.0 - 26-05-2024 *\/\n.elementor-widget-text-editor.elementor-drop-cap-view-stacked .elementor-drop-cap{background-color:#69727d;color:#fff}.elementor-widget-text-editor.elementor-drop-cap-view-framed .elementor-drop-cap{color:#69727d;border:3px solid;background-color:transparent}.elementor-widget-text-editor:not(.elementor-drop-cap-view-default) .elementor-drop-cap{margin-top:8px}.elementor-widget-text-editor:not(.elementor-drop-cap-view-default) .elementor-drop-cap-letter{width:1em;height:1em}.elementor-widget-text-editor .elementor-drop-cap{float:left;text-align:center;line-height:1;font-size:50px}.elementor-widget-text-editor .elementor-drop-cap-letter{display:inline-block}<\/style>\t\t\t\t<p class=\"p1\">Next Fertility IVF Prof. Zech z\u00e4hlen zu den europaweit f\u00fchrenden Privatkliniken auf dem Gebiet der medizinisch unterst\u00fctzten Fortpflanzung. Seit der Gr\u00fcndung durch Prof.<\/p><p class=\"p1\">Dr. Herbert Zech 1984 in Bregenz, kennzeichnen die gleichnamigen IVF-Zentren h\u00f6chste Standards durch gepr\u00fcfte Qualit\u00e4t, innovative Technologien und leidenschaftliches<\/p><p class=\"p1\">Engagement.<\/p><p class=\"p1\">Vor diesem Hintergrund arbeiten wir jede Minute, jede Stunde, jeden Tag, um Wunscheltern auf ihrem Weg zum langersehnten eigenen Kind fachlich und pers\u00f6nlich m\u00f6glichst optimal zu begleiten. Optimal begleiten m\u00f6chten wir auch Sie bei Ihrer Berichterstattung. Erfahren Sie hier auf unserer Website alles zu den Themen<\/p><p class=\"p1\">Kinderwunsch und Reproduktionsmedizin aus erster Hand.<\/p>\t\t\t\t\t\t<\/div>\r\n\t\t\t\t<\/div>\r\n\t\t\t\t\t<\/div>\r\n\t\t\t\t<\/div>\r\n\t\t\t\t<\/div>\r\n\t\t","protected":false},"excerpt":{"rendered":"<p>Presse Next Fertility IVF Prof. Zech z\u00e4hlen zu den europaweit f\u00fchrenden Privatkliniken auf dem Gebiet der medizinisch unterst\u00fctzten Fortpflanzung. Seit der Gr\u00fcndung durch Prof. Dr. Herbert Zech 1984 in Bregenz, kennzeichnen die gleichnamigen IVF-Zentren h\u00f6chste Standards durch gepr\u00fcfte Qualit\u00e4t, innovative Technologien und leidenschaftliches Engagement. Vor diesem Hintergrund arbeiten wir jede Minute, jede Stunde, jeden Tag, [&hellip;]<\/p>\n","protected":false},"author":2,"featured_media":0,"parent":0,"menu_order":0,"comment_status":"closed","ping_status":"closed","template":"","meta":{"_acf_changed":false,"footnotes":""},"class_list":["post-25107363","page","type-page","status-publish","hentry"],"acf":[],"_links":{"self":[{"href":"https:\/\/ivfschweiz.ch\/index.php\/wp-json\/wp\/v2\/pages\/25107363","targetHints":{"allow":["GET"]}}],"collection":[{"href":"https:\/\/ivfschweiz.ch\/index.php\/wp-json\/wp\/v2\/pages"}],"about":[{"href":"https:\/\/ivfschweiz.ch\/index.php\/wp-json\/wp\/v2\/types\/page"}],"author":[{"embeddable":true,"href":"https:\/\/ivfschweiz.ch\/index.php\/wp-json\/wp\/v2\/users\/2"}],"replies":[{"embeddable":true,"href":"https:\/\/ivfschweiz.ch\/index.php\/wp-json\/wp\/v2\/comments?post=25107363"}],"version-history":[{"count":0,"href":"https:\/\/ivfschweiz.ch\/index.php\/wp-json\/wp\/v2\/pages\/25107363\/revisions"}],"wp:attachment":[{"href":"https:\/\/ivfschweiz.ch\/index.php\/wp-json\/wp\/v2\/media?parent=25107363"}],"curies":[{"name":"wp","href":"https:\/\/api.w.org\/{rel}","templated":true}]}}