{"id":25107308,"date":"2024-04-04T22:03:08","date_gmt":"2024-04-04T22:03:08","guid":{"rendered":"https:\/\/ivfschweiz.ch\/?page_id=25107308"},"modified":"2024-04-04T22:03:08","modified_gmt":"2024-04-04T22:03:08","slug":"hyfoso","status":"publish","type":"page","link":"https:\/\/ivfschweiz.ch\/index.php\/hyfoso\/","title":{"rendered":"HyFoSo"},"content":{"rendered":"\t\t<div data-elementor-type=\"wp-page\" data-elementor-id=\"25107308\" class=\"elementor elementor-25107308\" data-elementor-post-type=\"page\">\r\n\t\t\t\t<div class=\"elementor-element elementor-element-2d0b77e e-flex e-con-boxed e-con e-parent\" data-id=\"2d0b77e\" data-element_type=\"container\">\r\n\t\t\t\t\t<div class=\"e-con-inner\">\r\n\t\t<div class=\"elementor-element elementor-element-403a303 e-con-full e-flex e-con e-child\" data-id=\"403a303\" data-element_type=\"container\">\r\n\t\t\t\t<div class=\"elementor-element elementor-element-6b494a5 elementor-widget elementor-widget-heading\" data-id=\"6b494a5\" data-element_type=\"widget\" data-widget_type=\"heading.default\">\r\n\t\t\t\t<div class=\"elementor-widget-container\">\r\n\t\t\t<style>\/*! elementor - v3.21.0 - 26-05-2024 *\/\n.elementor-heading-title{padding:0;margin:0;line-height:1}.elementor-widget-heading .elementor-heading-title[class*=elementor-size-]>a{color:inherit;font-size:inherit;line-height:inherit}.elementor-widget-heading .elementor-heading-title.elementor-size-small{font-size:15px}.elementor-widget-heading .elementor-heading-title.elementor-size-medium{font-size:19px}.elementor-widget-heading .elementor-heading-title.elementor-size-large{font-size:29px}.elementor-widget-heading .elementor-heading-title.elementor-size-xl{font-size:39px}.elementor-widget-heading .elementor-heading-title.elementor-size-xxl{font-size:59px}<\/style><h2 class=\"elementor-heading-title elementor-size-default\">Eileierdurchg\u00e4ngigkeits-pr\u00fcfung mittels HyFoSo<\/h2>\t\t<\/div>\r\n\t\t\t\t<\/div>\r\n\t\t\t\t<\/div>\r\n\t\t\t\t\t<\/div>\r\n\t\t\t\t<\/div>\r\n\t\t<div class=\"elementor-element elementor-element-ea39a2f e-flex e-con-boxed e-con e-parent\" data-id=\"ea39a2f\" data-element_type=\"container\">\r\n\t\t\t\t\t<div class=\"e-con-inner\">\r\n\t\t\t\t<div class=\"elementor-element elementor-element-c7c901b elementor-widget elementor-widget-text-editor\" data-id=\"c7c901b\" data-element_type=\"widget\" data-widget_type=\"text-editor.default\">\r\n\t\t\t\t<div class=\"elementor-widget-container\">\r\n\t\t\t<style>\/*! elementor - v3.21.0 - 26-05-2024 *\/\n.elementor-widget-text-editor.elementor-drop-cap-view-stacked .elementor-drop-cap{background-color:#69727d;color:#fff}.elementor-widget-text-editor.elementor-drop-cap-view-framed .elementor-drop-cap{color:#69727d;border:3px solid;background-color:transparent}.elementor-widget-text-editor:not(.elementor-drop-cap-view-default) .elementor-drop-cap{margin-top:8px}.elementor-widget-text-editor:not(.elementor-drop-cap-view-default) .elementor-drop-cap-letter{width:1em;height:1em}.elementor-widget-text-editor .elementor-drop-cap{float:left;text-align:center;line-height:1;font-size:50px}.elementor-widget-text-editor .elementor-drop-cap-letter{display:inline-block}<\/style>\t\t\t\t<p class=\"s4\"><span class=\"s5\">Eileiteranomalien spielen<\/span><span class=\"s5\"> eine nicht unwesentliche Rolle bei der weiblichen Infertilit\u00e4t<\/span><span class=\"s5\">. Die <\/span><span class=\"s5\">Pr\u00fcfung <\/span><span class=\"s5\">der Eileiterdurchg\u00e4ngigkeit ist einer der ersten Schritte in der <\/span><span class=\"s5\">Infertilit\u00e4tsa<\/span><span class=\"s5\">bkl\u00e4rung<\/span><span class=\"s5\">.<\/span><span class=\"s5\"> Ein<\/span><span class=\"s5\">e<\/span><span class=\"s5\">Eileiterdurchg\u00e4ngigkeit ist f\u00fcr das Zustandekommen einer Schwangerschaft von entscheidender Bedeutung.<\/span><\/p><p class=\"s4\"><span class=\"s6\">Wird der der Transport der befruchteten Eizelle<\/span><span class=\"s6\"> bzw. des Embryos<\/span> <span class=\"s6\">durch den Eileiter <\/span><span class=\"s6\">auf dem Weg zur Geb\u00e4rmutter behindert<\/span><span class=\"s6\"> oder ist <\/span><span class=\"s6\">der Spermientransport gest\u00f6rt, kann keine Schwangerschaft e<\/span><span class=\"s6\">intreten<\/span><span class=\"s6\">. <\/span><span class=\"s6\">M\u00f6gliche Ursachen<\/span><span class=\"s6\"> f\u00fcr verklebte oder verwachsene Eileiter <\/span><span class=\"s6\">sind meistens Infektionen. Auch <\/span><span class=\"s6\">eine <\/span><span class=\"s6\">Endometriose mit <\/span><span class=\"s6\">Eileiterbeteiligung<\/span><span class=\"s6\"> oder operative Eingriffe am Eileiter<\/span> <span class=\"s6\">k\u00f6nnen m\u00f6gliche Ursachen sein.<\/span><\/p><p class=\"s4\"><span class=\"s6\">Eine Eileiterdurchg\u00e4ngigkeitspr\u00fcfung ist auch vor einer intrauterinen Insemination (IUI) gegeben.<\/span><span class=\"s6\">Dies gilt auch f\u00fcr eine unauff\u00e4llige Anamnese.<\/span><span class=\"s6\"> Sind die Eileiter nicht oder nur fraglich durchg\u00e4ngig ist eine IVF anstelle einer IUI <\/span><span class=\"s6\">angezeigt<\/span><span class=\"s6\">.<\/span><\/p><p class=\"s4\"><span class=\"s6\">Eine Eileiterdurchg\u00e4ngigkeitspr\u00fcfung ist durch folgende Methoden m\u00f6glich:<\/span><\/p>\t\t\t\t\t\t<\/div>\r\n\t\t\t\t<\/div>\r\n\t\t\t\t<div class=\"elementor-element elementor-element-141ce0a elementor-icon-list--layout-traditional elementor-list-item-link-full_width elementor-widget elementor-widget-icon-list\" data-id=\"141ce0a\" data-element_type=\"widget\" data-widget_type=\"icon-list.default\">\r\n\t\t\t\t<div class=\"elementor-widget-container\">\r\n\t\t\t<link rel=\"stylesheet\" href=\"https:\/\/ivfschweiz.ch\/wp-content\/plugins\/elementor\/assets\/css\/widget-icon-list.min.css\">\t\t<ul class=\"elementor-icon-list-items\">\r\n\t\t\t\t\t\t\t<li class=\"elementor-icon-list-item\">\r\n\t\t\t\t\t\t\t\t\t\t\t<span class=\"elementor-icon-list-icon\">\r\n\t\t\t\t\t\t\t<svg aria-hidden=\"true\" class=\"e-font-icon-svg e-far-dot-circle\" viewBox=\"0 0 512 512\" xmlns=\"http:\/\/www.w3.org\/2000\/svg\"><path d=\"M256 56c110.532 0 200 89.451 200 200 0 110.532-89.451 200-200 200-110.532 0-200-89.451-200-200 0-110.532 89.451-200 200-200m0-48C119.033 8 8 119.033 8 256s111.033 248 248 248 248-111.033 248-248S392.967 8 256 8zm0 168c-44.183 0-80 35.817-80 80s35.817 80 80 80 80-35.817 80-80-35.817-80-80-80z\"><\/path><\/svg>\t\t\t\t\t\t<\/span>\r\n\t\t\t\t\t\t\t\t\t\t<span class=\"elementor-icon-list-text\">Hystero\u00adsalpingo-Contrast-Sonography = HyCoSy<\/span>\r\n\t\t\t\t\t\t\t\t\t<\/li>\r\n\t\t\t\t\t\t\t\t<li class=\"elementor-icon-list-item\">\r\n\t\t\t\t\t\t\t\t\t\t\t<span class=\"elementor-icon-list-icon\">\r\n\t\t\t\t\t\t\t<svg aria-hidden=\"true\" class=\"e-font-icon-svg e-far-dot-circle\" viewBox=\"0 0 512 512\" xmlns=\"http:\/\/www.w3.org\/2000\/svg\"><path d=\"M256 56c110.532 0 200 89.451 200 200 0 110.532-89.451 200-200 200-110.532 0-200-89.451-200-200 0-110.532 89.451-200 200-200m0-48C119.033 8 8 119.033 8 256s111.033 248 248 248 248-111.033 248-248S392.967 8 256 8zm0 168c-44.183 0-80 35.817-80 80s35.817 80 80 80 80-35.817 80-80-35.817-80-80-80z\"><\/path><\/svg>\t\t\t\t\t\t<\/span>\r\n\t\t\t\t\t\t\t\t\t\t<span class=\"elementor-icon-list-text\">Hysterosalpingographie = HSG (R\u00f6ntgen des Eileiters)<\/span>\r\n\t\t\t\t\t\t\t\t\t<\/li>\r\n\t\t\t\t\t\t\t\t<li class=\"elementor-icon-list-item\">\r\n\t\t\t\t\t\t\t\t\t\t\t<span class=\"elementor-icon-list-icon\">\r\n\t\t\t\t\t\t\t<svg aria-hidden=\"true\" class=\"e-font-icon-svg e-far-dot-circle\" viewBox=\"0 0 512 512\" xmlns=\"http:\/\/www.w3.org\/2000\/svg\"><path d=\"M256 56c110.532 0 200 89.451 200 200 0 110.532-89.451 200-200 200-110.532 0-200-89.451-200-200 0-110.532 89.451-200 200-200m0-48C119.033 8 8 119.033 8 256s111.033 248 248 248 248-111.033 248-248S392.967 8 256 8zm0 168c-44.183 0-80 35.817-80 80s35.817 80 80 80 80-35.817 80-80-35.817-80-80-80z\"><\/path><\/svg>\t\t\t\t\t\t<\/span>\r\n\t\t\t\t\t\t\t\t\t\t<span class=\"elementor-icon-list-text\">Chromopertubation im Rahmen einer Laparoskopie<\/span>\r\n\t\t\t\t\t\t\t\t\t<\/li>\r\n\t\t\t\t\t\t\t\t<li class=\"elementor-icon-list-item\">\r\n\t\t\t\t\t\t\t\t\t\t\t<span class=\"elementor-icon-list-icon\">\r\n\t\t\t\t\t\t\t<svg aria-hidden=\"true\" class=\"e-font-icon-svg e-far-dot-circle\" viewBox=\"0 0 512 512\" xmlns=\"http:\/\/www.w3.org\/2000\/svg\"><path d=\"M256 56c110.532 0 200 89.451 200 200 0 110.532-89.451 200-200 200-110.532 0-200-89.451-200-200 0-110.532 89.451-200 200-200m0-48C119.033 8 8 119.033 8 256s111.033 248 248 248 248-111.033 248-248S392.967 8 256 8zm0 168c-44.183 0-80 35.817-80 80s35.817 80 80 80 80-35.817 80-80-35.817-80-80-80z\"><\/path><\/svg>\t\t\t\t\t\t<\/span>\r\n\t\t\t\t\t\t\t\t\t\t<span class=\"elementor-icon-list-text\">Hysterosalpingo Foam Sonographie (HyFoSo)<\/span>\r\n\t\t\t\t\t\t\t\t\t<\/li>\r\n\t\t\t\t\t\t<\/ul>\r\n\t\t\t\t<\/div>\r\n\t\t\t\t<\/div>\r\n\t\t\t\t<div class=\"elementor-element elementor-element-6701431 elementor-widget elementor-widget-text-editor\" data-id=\"6701431\" data-element_type=\"widget\" data-widget_type=\"text-editor.default\">\r\n\t\t\t\t<div class=\"elementor-widget-container\">\r\n\t\t\t\t\t\t\t<p class=\"s6\"><span class=\"s10\">Die HYFOSO (<\/span><span class=\"s10\">Hysterosalpingo<\/span> <span class=\"s10\">Foam<\/span><span class=\"s10\"> Sonographie) erm\u00f6glicht eine schmerzarme Eileiterdurchg\u00e4ngigkeitspr\u00fcfung mit Hilfe eines schaumigen <\/span><span class=\"s10\">Kontrastgels,<\/span><span class=\"s10\"> welches mittels 3D-Ultraschall sichtbar<\/span><span class=\"s10\"> gemacht<\/span><span class=\"s10\"> wird.<\/span><span class=\"s10\"> Damit ist diese Technik in unserem Zentrum die Wahlmethode zur <\/span><span class=\"s10\">Eileiterdurchg\u00e4ngigkeitspr\u00fcfung<\/span><\/p>\t\t\t\t\t\t<\/div>\r\n\t\t\t\t<\/div>\r\n\t\t\t\t\t<\/div>\r\n\t\t\t\t<\/div>\r\n\t\t<div class=\"elementor-element elementor-element-c9008c9 e-flex e-con-boxed e-con e-parent\" data-id=\"c9008c9\" data-element_type=\"container\">\r\n\t\t\t\t\t<div class=\"e-con-inner\">\r\n\t\t\t\t<div class=\"elementor-element elementor-element-e08aba9 elementor-widget elementor-widget-heading\" data-id=\"e08aba9\" data-element_type=\"widget\" data-widget_type=\"heading.default\">\r\n\t\t\t\t<div class=\"elementor-widget-container\">\r\n\t\t\t<h2 class=\"elementor-heading-title elementor-size-default\">Wie l\u00e4uft die Untersuchung ab?<\/h2>\t\t<\/div>\r\n\t\t\t\t<\/div>\r\n\t\t\t\t<div class=\"elementor-element elementor-element-9f389c1 elementor-widget elementor-widget-text-editor\" data-id=\"9f389c1\" data-element_type=\"widget\" data-widget_type=\"text-editor.default\">\r\n\t\t\t\t<div class=\"elementor-widget-container\">\r\n\t\t\t\t\t\t\t<p><span class=\"s10\">Die <\/span><span class=\"s10\">HYFOSO ist ein nichtoperatives,<\/span> <span class=\"s10\">schonendes Verfahren, mit dem man die Eileiterdurchg\u00e4ngigkeit untersuchen kann<\/span><span class=\"s10\">. <\/span><span class=\"s10\">D<\/span><span class=\"s10\">ie Eileiter werden w\u00e4hrend eines gyn\u00e4kologischen Ultraschalls mit einer nat\u00fcrlichen Gell\u00f6sung (<\/span><span class=\"s10\">ExEm<\/span><span class=\"s10\">\u00ae) gesp\u00fclt und<\/span> <span class=\"s10\">im dreidimensionalen Ultraschallbild sichtbar gemacht. D<\/span><span class=\"s10\">abei wird <\/span><span class=\"s10\">ein d\u00fcnne<\/span><span class=\"s10\">r<\/span><span class=\"s10\"> Katheter, von der<\/span> <span class=\"s10\">Scheide aus in den Muttermund eingef\u00fchrt. Die Gell\u00f6sung ist schaumig (<\/span><span class=\"s10\">engl.: <\/span><span class=\"s10\">foamy<\/span><span class=\"s10\">) und dies erh\u00f6ht <\/span><span class=\"s10\">dabei <\/span><span class=\"s10\">den Kontrast des<\/span> <span class=\"s10\">Ultraschallbildes.<\/span><span class=\"s10\"> Die Untersuchung wird zumeist am 9. oder 10. Zyklustag <\/span><span class=\"s10\">duchgef\u00fchrt<\/span><span class=\"s10\">.<\/span><\/p>\t\t\t\t\t\t<\/div>\r\n\t\t\t\t<\/div>\r\n\t\t\t\t\t<\/div>\r\n\t\t\t\t<\/div>\r\n\t\t<div class=\"elementor-element elementor-element-7f53281 e-flex e-con-boxed e-con e-parent\" data-id=\"7f53281\" data-element_type=\"container\">\r\n\t\t\t\t\t<div class=\"e-con-inner\">\r\n\t\t\t\t<div class=\"elementor-element elementor-element-e6315f2 elementor-widget elementor-widget-heading\" data-id=\"e6315f2\" data-element_type=\"widget\" data-widget_type=\"heading.default\">\r\n\t\t\t\t<div class=\"elementor-widget-container\">\r\n\t\t\t<h2 class=\"elementor-heading-title elementor-size-default\">Ist eine Narkose erforderlich?<\/h2>\t\t<\/div>\r\n\t\t\t\t<\/div>\r\n\t\t\t\t<div class=\"elementor-element elementor-element-5c908d8 elementor-widget elementor-widget-text-editor\" data-id=\"5c908d8\" data-element_type=\"widget\" data-widget_type=\"text-editor.default\">\r\n\t\t\t\t<div class=\"elementor-widget-container\">\r\n\t\t\t\t\t\t\t<p><span class=\"s10\">Nein, die HYFOSO ist <\/span><span class=\"s10\">keine invasive Methode, keine zus\u00e4tzlichen operativen Eingriffe<\/span><span class=\"s10\"> sind<\/span><span class=\"s10\"> notwendig<\/span><span class=\"s10\">damit entf\u00e4llt auch der Grund f\u00fcr eine Narkose<\/span><span class=\"s10\">. Eine prophylaktische Einnahme eines Schmerzmittels kann empfohlen werden.<\/span><\/p>\t\t\t\t\t\t<\/div>\r\n\t\t\t\t<\/div>\r\n\t\t\t\t\t<\/div>\r\n\t\t\t\t<\/div>\r\n\t\t<div class=\"elementor-element elementor-element-74be887 e-flex e-con-boxed e-con e-parent\" data-id=\"74be887\" data-element_type=\"container\">\r\n\t\t\t\t\t<div class=\"e-con-inner\">\r\n\t\t\t\t<div class=\"elementor-element elementor-element-6c3fc81 elementor-widget elementor-widget-heading\" data-id=\"6c3fc81\" data-element_type=\"widget\" data-widget_type=\"heading.default\">\r\n\t\t\t\t<div class=\"elementor-widget-container\">\r\n\t\t\t<h2 class=\"elementor-heading-title elementor-size-default\">Was ist der Vorteil einer HyFoSo?<\/h2>\t\t<\/div>\r\n\t\t\t\t<\/div>\r\n\t\t\t\t<div class=\"elementor-element elementor-element-140caa1 elementor-widget elementor-widget-text-editor\" data-id=\"140caa1\" data-element_type=\"widget\" data-widget_type=\"text-editor.default\">\r\n\t\t\t\t<div class=\"elementor-widget-container\">\r\n\t\t\t\t\t\t\t<p><span class=\"s10\">Ne<\/span><span class=\"s10\">ben der Tatsache, dass die <\/span><span class=\"s10\">die HYFOSO <\/span><span class=\"s10\">keine invasive Methode<\/span><span class=\"s10\"> ist, entsteht auch keine <\/span><span class=\"s10\">R\u00f6ntgen-bedingte <\/span><span class=\"s10\">Strahlenbelastung<\/span><\/p>\t\t\t\t\t\t<\/div>\r\n\t\t\t\t<\/div>\r\n\t\t\t\t\t<\/div>\r\n\t\t\t\t<\/div>\r\n\t\t<div class=\"elementor-element elementor-element-faeb9e0 e-flex e-con-boxed e-con e-parent\" data-id=\"faeb9e0\" data-element_type=\"container\">\r\n\t\t\t\t\t<div class=\"e-con-inner\">\r\n\t\t\t\t<div class=\"elementor-element elementor-element-8032db2 elementor-widget elementor-widget-heading\" data-id=\"8032db2\" data-element_type=\"widget\" data-widget_type=\"heading.default\">\r\n\t\t\t\t<div class=\"elementor-widget-container\">\r\n\t\t\t<h2 class=\"elementor-heading-title elementor-size-default\">Gibt es Nebenwirkungen?<\/h2>\t\t<\/div>\r\n\t\t\t\t<\/div>\r\n\t\t\t\t<div class=\"elementor-element elementor-element-41343c7 elementor-widget elementor-widget-text-editor\" data-id=\"41343c7\" data-element_type=\"widget\" data-widget_type=\"text-editor.default\">\r\n\t\t\t\t<div class=\"elementor-widget-container\">\r\n\t\t\t\t\t\t\t<p><span class=\"s10\">Neben<\/span> <span class=\"s10\">Bauchschmerzen<\/span><span class=\"s10\">,<\/span> <span class=\"s10\">Bauchkr\u00e4mpfe <\/span><span class=\"s10\">k\u00f6nnen <\/span><span class=\"s10\">auch Schmierblutungen<\/span><span class=\"s10\"> oder vaginaler Ausfluss vorkommen. Diese verschwinden nach einigen Tagen<\/span><span class=\"s10\">.<\/span><\/p>\t\t\t\t\t\t<\/div>\r\n\t\t\t\t<\/div>\r\n\t\t\t\t\t<\/div>\r\n\t\t\t\t<\/div>\r\n\t\t\t\t<\/div>\r\n\t\t","protected":false},"excerpt":{"rendered":"<p>Eileierdurchg\u00e4ngigkeits-pr\u00fcfung mittels HyFoSo Eileiteranomalien spielen eine nicht unwesentliche Rolle bei der weiblichen Infertilit\u00e4t. Die Pr\u00fcfung der Eileiterdurchg\u00e4ngigkeit ist einer der ersten Schritte in der Infertilit\u00e4tsabkl\u00e4rung. EineEileiterdurchg\u00e4ngigkeit ist f\u00fcr das Zustandekommen einer Schwangerschaft von entscheidender Bedeutung. Wird der der Transport der befruchteten Eizelle bzw. des Embryos durch den Eileiter auf dem Weg zur Geb\u00e4rmutter behindert oder [&hellip;]<\/p>\n","protected":false},"author":2,"featured_media":0,"parent":0,"menu_order":0,"comment_status":"closed","ping_status":"closed","template":"","meta":{"_acf_changed":false,"footnotes":""},"class_list":["post-25107308","page","type-page","status-publish","hentry"],"acf":[],"_links":{"self":[{"href":"https:\/\/ivfschweiz.ch\/index.php\/wp-json\/wp\/v2\/pages\/25107308","targetHints":{"allow":["GET"]}}],"collection":[{"href":"https:\/\/ivfschweiz.ch\/index.php\/wp-json\/wp\/v2\/pages"}],"about":[{"href":"https:\/\/ivfschweiz.ch\/index.php\/wp-json\/wp\/v2\/types\/page"}],"author":[{"embeddable":true,"href":"https:\/\/ivfschweiz.ch\/index.php\/wp-json\/wp\/v2\/users\/2"}],"replies":[{"embeddable":true,"href":"https:\/\/ivfschweiz.ch\/index.php\/wp-json\/wp\/v2\/comments?post=25107308"}],"version-history":[{"count":0,"href":"https:\/\/ivfschweiz.ch\/index.php\/wp-json\/wp\/v2\/pages\/25107308\/revisions"}],"wp:attachment":[{"href":"https:\/\/ivfschweiz.ch\/index.php\/wp-json\/wp\/v2\/media?parent=25107308"}],"curies":[{"name":"wp","href":"https:\/\/api.w.org\/{rel}","templated":true}]}}