{"id":25107300,"date":"2024-04-04T22:46:00","date_gmt":"2024-04-04T22:46:00","guid":{"rendered":"https:\/\/ivfschweiz.ch\/?page_id=25107300"},"modified":"2024-04-04T22:46:00","modified_gmt":"2024-04-04T22:46:00","slug":"fuer-den-mann","status":"publish","type":"page","link":"https:\/\/ivfschweiz.ch\/index.php\/fuer-den-mann\/","title":{"rendered":"Fuer Den Mann"},"content":{"rendered":"\t\t<div data-elementor-type=\"wp-page\" data-elementor-id=\"25107300\" class=\"elementor elementor-25107300\" data-elementor-post-type=\"page\">\r\n\t\t\t\t<div class=\"elementor-element elementor-element-2d0b77e e-flex e-con-boxed e-con e-parent\" data-id=\"2d0b77e\" data-element_type=\"container\">\r\n\t\t\t\t\t<div class=\"e-con-inner\">\r\n\t\t<div class=\"elementor-element elementor-element-403a303 e-con-full e-flex e-con e-child\" data-id=\"403a303\" data-element_type=\"container\">\r\n\t\t\t\t<div class=\"elementor-element elementor-element-6b494a5 elementor-widget elementor-widget-heading\" data-id=\"6b494a5\" data-element_type=\"widget\" data-widget_type=\"heading.default\">\r\n\t\t\t\t<div class=\"elementor-widget-container\">\r\n\t\t\t<style>\/*! elementor - v3.21.0 - 26-05-2024 *\/\n.elementor-heading-title{padding:0;margin:0;line-height:1}.elementor-widget-heading .elementor-heading-title[class*=elementor-size-]>a{color:inherit;font-size:inherit;line-height:inherit}.elementor-widget-heading .elementor-heading-title.elementor-size-small{font-size:15px}.elementor-widget-heading .elementor-heading-title.elementor-size-medium{font-size:19px}.elementor-widget-heading .elementor-heading-title.elementor-size-large{font-size:29px}.elementor-widget-heading .elementor-heading-title.elementor-size-xl{font-size:39px}.elementor-widget-heading .elementor-heading-title.elementor-size-xxl{font-size:59px}<\/style><h2 class=\"elementor-heading-title elementor-size-default\">F\u00fcr den Mann<\/h2>\t\t<\/div>\r\n\t\t\t\t<\/div>\r\n\t\t\t\t<div class=\"elementor-element elementor-element-24672e7 elementor-widget elementor-widget-text-editor\" data-id=\"24672e7\" data-element_type=\"widget\" data-widget_type=\"text-editor.default\">\r\n\t\t\t\t<div class=\"elementor-widget-container\">\r\n\t\t\t<style>\/*! elementor - v3.21.0 - 26-05-2024 *\/\n.elementor-widget-text-editor.elementor-drop-cap-view-stacked .elementor-drop-cap{background-color:#69727d;color:#fff}.elementor-widget-text-editor.elementor-drop-cap-view-framed .elementor-drop-cap{color:#69727d;border:3px solid;background-color:transparent}.elementor-widget-text-editor:not(.elementor-drop-cap-view-default) .elementor-drop-cap{margin-top:8px}.elementor-widget-text-editor:not(.elementor-drop-cap-view-default) .elementor-drop-cap-letter{width:1em;height:1em}.elementor-widget-text-editor .elementor-drop-cap{float:left;text-align:center;line-height:1;font-size:50px}.elementor-widget-text-editor .elementor-drop-cap-letter{display:inline-block}<\/style>\t\t\t\t<p class=\"s6\"><span class=\"s4\">Die Andrologie ist ein Spezialgebiet der Medizin. Der Begriff Andrologie leitet sich aus dem griechischen <\/span><span class=\"s4\">\u03bd\u03b4\u03c1\u03cc\u03c2<\/span> <span class=\"s4\">andr\u00f3s<\/span><span class=\"s4\">, \u201eMann\u201c und <\/span><span class=\"s4\">\u03bb\u03cc\u03b3\u03bf\u03c2<\/span> <span class=\"s4\">l\u00f3gos<\/span><span class=\"s4\"> \u201eLehre\u201c<\/span><span class=\"s4\"> ab. Die Andrologie ist das Pendant der Gyn\u00e4kologie<\/span><span class=\"s4\">.<\/span><span class=\"s4\"> Andrologie besch\u00e4ftigt sich mit den spezifischen Problemen des Mannes, insbesondere mit den Fortpflanzungsfunktionen des Mannes, deren Erhalt und <\/span><span class=\"s4\">wie <\/span><span class=\"s4\">auch deren St\u00f6rungen.<\/span><\/p>\t\t\t\t\t\t<\/div>\r\n\t\t\t\t<\/div>\r\n\t\t\t\t<\/div>\r\n\t\t<div class=\"elementor-element elementor-element-6b726e0 e-con-full e-flex e-con e-child\" data-id=\"6b726e0\" data-element_type=\"container\">\r\n\t\t\t\t<div class=\"elementor-element elementor-element-19c88d3 elementor-widget elementor-widget-image\" data-id=\"19c88d3\" data-element_type=\"widget\" data-widget_type=\"image.default\">\r\n\t\t\t\t<div class=\"elementor-widget-container\">\r\n\t\t\t<style>\/*! elementor - v3.21.0 - 26-05-2024 *\/\n.elementor-widget-image{text-align:center}.elementor-widget-image a{display:inline-block}.elementor-widget-image a img[src$=\".svg\"]{width:48px}.elementor-widget-image img{vertical-align:middle;display:inline-block}<\/style>\t\t\t\t\t\t\t\t\t\t<img decoding=\"async\" src=\"https:\/\/ivfschweiz.ch\/wp-content\/uploads\/2024\/01\/boy-relaxing-spending-time-sea-min-scaled.jpeg\" title=\"\" alt=\"\" loading=\"lazy\" \/>\t\t\t\t\t\t\t\t\t\t\t\t\t<\/div>\r\n\t\t\t\t<\/div>\r\n\t\t\t\t<\/div>\r\n\t\t\t\t\t<\/div>\r\n\t\t\t\t<\/div>\r\n\t\t<div class=\"elementor-element elementor-element-c9008c9 e-flex e-con-boxed e-con e-parent\" data-id=\"c9008c9\" data-element_type=\"container\">\r\n\t\t\t\t\t<div class=\"e-con-inner\">\r\n\t\t\t\t<div class=\"elementor-element elementor-element-27ec212 elementor-widget elementor-widget-heading\" data-id=\"27ec212\" data-element_type=\"widget\" data-widget_type=\"heading.default\">\r\n\t\t\t\t<div class=\"elementor-widget-container\">\r\n\t\t\t<h2 class=\"elementor-heading-title elementor-size-default\">Diagnostik und Therapie bei m\u00e4nnlichen Hormonst\u00f6rungen<\/h2>\t\t<\/div>\r\n\t\t\t\t<\/div>\r\n\t\t\t\t<div class=\"elementor-element elementor-element-6701431 elementor-widget elementor-widget-text-editor\" data-id=\"6701431\" data-element_type=\"widget\" data-widget_type=\"text-editor.default\">\r\n\t\t\t\t<div class=\"elementor-widget-container\">\r\n\t\t\t\t\t\t\t<p class=\"s5\"><span class=\"s8\">Dies betrifft vor allem das Sexualhormon Testosteron. Ein Testosteronmangel verursacht Antriebs- und Lustlosigkeit, Abbau von Muskelmasse und f\u00fchrt auch zu Erektionsproblemen. Testosteronmangel <\/span><span class=\"s8\">ist<\/span><span class=\"s8\"> dabei nicht <\/span><span class=\"s8\">ausschliesslich ein Problem<\/span><span class=\"s8\"> des <\/span><span class=\"s8\">\u00e4lteren<\/span><span class=\"s8\"> Mannes.<\/span><\/p><p class=\"s5\"><span class=\"s8\">Wir beraten Sie gerne \u00fcber m\u00f6gliche Diagnostik- und Therapieoptionen<\/span><span class=\"s8\">.<\/span><\/p>\t\t\t\t\t\t<\/div>\r\n\t\t\t\t<\/div>\r\n\t\t\t\t\t<\/div>\r\n\t\t\t\t<\/div>\r\n\t\t<div class=\"elementor-element elementor-element-d8af9a2 e-flex e-con-boxed e-con e-parent\" data-id=\"d8af9a2\" data-element_type=\"container\">\r\n\t\t\t\t\t<div class=\"e-con-inner\">\r\n\t\t\t\t<div class=\"elementor-element elementor-element-73acf12 elementor-widget elementor-widget-heading\" data-id=\"73acf12\" data-element_type=\"widget\" data-widget_type=\"heading.default\">\r\n\t\t\t\t<div class=\"elementor-widget-container\">\r\n\t\t\t<h2 class=\"elementor-heading-title elementor-size-default\">Absch\u00e4tzung des Fertilit\u00e4tspotenzials des Mannes<\/h2>\t\t<\/div>\r\n\t\t\t\t<\/div>\r\n\t\t\t\t<div class=\"elementor-element elementor-element-5fee77e elementor-widget elementor-widget-text-editor\" data-id=\"5fee77e\" data-element_type=\"widget\" data-widget_type=\"text-editor.default\">\r\n\t\t\t\t<div class=\"elementor-widget-container\">\r\n\t\t\t\t\t\t\t<p class=\"s5\"><span class=\"s8\">Die Zeugungsf\u00e4higkeit eines Mannes h\u00e4ngt davon ab ob gen\u00fcgend Spermien mit ausreichender Motilit\u00e4t und guter Morphologie vorhanden sind. Aber auch m\u00f6gliche molekulare Marker k\u00f6nnen Hinweis auf eine Fertilit\u00e4tseinschr\u00e4nkung sein. <\/span><span class=\"s8\">Eine Spermiendiagnostik kann auch immer unabh\u00e4ngig von einem bestehenden oder auch nicht bestehenden Kinderwunsch erfolgen. <\/span><span class=\"s8\">Erfahren Sie mehr unter: <\/span><span class=\"s9\">Spermiendiagnostik<\/span><\/p>\t\t\t\t\t\t<\/div>\r\n\t\t\t\t<\/div>\r\n\t\t\t\t\t<\/div>\r\n\t\t\t\t<\/div>\r\n\t\t<div class=\"elementor-element elementor-element-6e548e4 e-flex e-con-boxed e-con e-parent\" data-id=\"6e548e4\" data-element_type=\"container\">\r\n\t\t\t\t\t<div class=\"e-con-inner\">\r\n\t\t\t\t<div class=\"elementor-element elementor-element-ecde772 elementor-widget elementor-widget-heading\" data-id=\"ecde772\" data-element_type=\"widget\" data-widget_type=\"heading.default\">\r\n\t\t\t\t<div class=\"elementor-widget-container\">\r\n\t\t\t<h2 class=\"elementor-heading-title elementor-size-default\">Diagnostik und Therapie rund ums Thema Kinderwunsch<\/h2>\t\t<\/div>\r\n\t\t\t\t<\/div>\r\n\t\t\t\t<div class=\"elementor-element elementor-element-fa4168f elementor-widget elementor-widget-text-editor\" data-id=\"fa4168f\" data-element_type=\"widget\" data-widget_type=\"text-editor.default\">\r\n\t\t\t\t<div class=\"elementor-widget-container\">\r\n\t\t\t\t\t\t\t<p class=\"s5\"><span class=\"s8\">D<\/span><span class=\"s8\">er Erfolg einer Kinderwunschbehandlung h\u00e4ngt nicht <\/span><span class=\"s8\">allein<\/span><span class=\"s8\"> von der Frau ab. Auch der \u00abSamenfaktor\u00bb beeinflusst im Wesentlichen die Befruchtung, die Embryonalentwicklung und\u00a0<\/span><span class=\"s8\">sogar<\/span><span class=\"s8\"> die Gesundheit des <\/span><span class=\"s8\">Kindes. Welche Diagnostika uns Spermienselektionsverfahren m\u00f6glich und sinnhaft sind erfahren Sie unter: <\/span><span class=\"s9\">Samengewinnung<\/span><span class=\"s8\"> bzw. unter <\/span><span class=\"s9\">Spermiendiagnostik<\/span><\/p>\t\t\t\t\t\t<\/div>\r\n\t\t\t\t<\/div>\r\n\t\t\t\t\t<\/div>\r\n\t\t\t\t<\/div>\r\n\t\t<div class=\"elementor-element elementor-element-19c6ddf e-flex e-con-boxed e-con e-parent\" data-id=\"19c6ddf\" data-element_type=\"container\">\r\n\t\t\t\t\t<div class=\"e-con-inner\">\r\n\t\t\t\t<div class=\"elementor-element elementor-element-b6f3f56 elementor-widget elementor-widget-heading\" data-id=\"b6f3f56\" data-element_type=\"widget\" data-widget_type=\"heading.default\">\r\n\t\t\t\t<div class=\"elementor-widget-container\">\r\n\t\t\t<h2 class=\"elementor-heading-title elementor-size-default\">Operative Andrologie<\/h2>\t\t<\/div>\r\n\t\t\t\t<\/div>\r\n\t\t\t\t<div class=\"elementor-element elementor-element-8f15664 elementor-widget elementor-widget-text-editor\" data-id=\"8f15664\" data-element_type=\"widget\" data-widget_type=\"text-editor.default\">\r\n\t\t\t\t<div class=\"elementor-widget-container\">\r\n\t\t\t\t\t\t\t<p class=\"s5\">K\u00f6nnen in der Samenprobe keine Spermien gefunden werden (<span class=\"s11\">Azoospermie<\/span>), stellen eine TESE \/TESA operative Therapieoptionen dar, um Spermien zu gewinnen und mittels IVF den Kinderwunsch zu erf\u00fcllen. Gleiches gilt f\u00fcr den Fall eines Kinderwunsches und bereits durchgef\u00fchrter <span class=\"s11\">Vasektomie<\/span> und nicht gew\u00fcnschter oder erfolgloser Refertilisierung. Die operative Andrologie ist integraler Bestandteil unseres Zentrums<\/p><p class=\"s5\">Mehr unter: <span class=\"s11\">Hodenbiopsie (TESE \/ TESA)<\/span><\/p>\t\t\t\t\t\t<\/div>\r\n\t\t\t\t<\/div>\r\n\t\t\t\t\t<\/div>\r\n\t\t\t\t<\/div>\r\n\t\t<div class=\"elementor-element elementor-element-6029303 e-flex e-con-boxed e-con e-parent\" data-id=\"6029303\" data-element_type=\"container\">\r\n\t\t\t\t\t<div class=\"e-con-inner\">\r\n\t\t\t\t<div class=\"elementor-element elementor-element-89cf3c3 elementor-widget elementor-widget-heading\" data-id=\"89cf3c3\" data-element_type=\"widget\" data-widget_type=\"heading.default\">\r\n\t\t\t\t<div class=\"elementor-widget-container\">\r\n\t\t\t<h2 class=\"elementor-heading-title elementor-size-default\">Fertilit\u00e4tserhalt des Mannes<\/h2>\t\t<\/div>\r\n\t\t\t\t<\/div>\r\n\t\t\t\t<div class=\"elementor-element elementor-element-3f0c05a elementor-widget elementor-widget-text-editor\" data-id=\"3f0c05a\" data-element_type=\"widget\" data-widget_type=\"text-editor.default\">\r\n\t\t\t\t<div class=\"elementor-widget-container\">\r\n\t\t\t\t\t\t\t<p class=\"s5\">Der Fertilit\u00e4tserhalt bei der Frau r\u00fcckt-zum Gl\u00fcck- immer mehr in das \u00f6ffentliche Bewusstsein. Nicht zuletzt dank des Netzwerkes <span class=\"s12\">FertiPROTEKT<\/span><span class=\"s13\">.<\/span><\/p><p class=\"s5\"><span class=\"s13\">Was h\u00e4ufig leider immer noch leider oft vernachl\u00e4ssigt wird, sind <\/span><span class=\"s13\">fertilit\u00e4<\/span><span class=\"s13\">t<\/span><span class=\"s13\">sprotektive<\/span> <span class=\"s13\">Massnahmen<\/span><span class=\"s13\">beim Mann. Im Vergleich zu anderen Krebsarten treten beim Mann Hodenkrebs in einem relativ fr\u00fchen Alter auf -oft, wenn an eine Familienplanung noch gar nicht gedacht wird. Aber auch Therapien anderer onkologischer und nicht-onkologischer Erkrankungen k\u00f6nnen eine dauerhafte Sterilit\u00e4t bedingen. Mehr unter: <\/span><span class=\"s12\">Vorsorge<\/span><\/p>\t\t\t\t\t\t<\/div>\r\n\t\t\t\t<\/div>\r\n\t\t\t\t\t<\/div>\r\n\t\t\t\t<\/div>\r\n\t\t<div class=\"elementor-element elementor-element-b8f980d e-flex e-con-boxed e-con e-parent\" data-id=\"b8f980d\" data-element_type=\"container\">\r\n\t\t\t\t\t<div class=\"e-con-inner\">\r\n\t\t\t\t<div class=\"elementor-element elementor-element-ee02437 elementor-widget elementor-widget-heading\" data-id=\"ee02437\" data-element_type=\"widget\" data-widget_type=\"heading.default\">\r\n\t\t\t\t<div class=\"elementor-widget-container\">\r\n\t\t\t<h2 class=\"elementor-heading-title elementor-size-default\">Genetische Diagnostik des Mannes<\/h2>\t\t<\/div>\r\n\t\t\t\t<\/div>\r\n\t\t\t\t<div class=\"elementor-element elementor-element-01e89ca elementor-widget elementor-widget-text-editor\" data-id=\"01e89ca\" data-element_type=\"widget\" data-widget_type=\"text-editor.default\">\r\n\t\t\t\t<div class=\"elementor-widget-container\">\r\n\t\t\t\t\t\t\t<p class=\"s5\">Bestimmte genetisch-bedingte St\u00f6rungen oder auch chromosomale Ver\u00e4nderungen sind mit einer fehlerhaften Spermatogenese bzw. mit einer Verschlussazoospermie oder auch einer Hodenunterfunktion assoziiert. Mehr unter: <span class=\"s11\">Genetische Diagnostik bei Kinderwunsch<\/span><\/p>\t\t\t\t\t\t<\/div>\r\n\t\t\t\t<\/div>\r\n\t\t\t\t\t<\/div>\r\n\t\t\t\t<\/div>\r\n\t\t<div class=\"elementor-element elementor-element-5f1f8a6 e-flex e-con-boxed e-con e-parent\" data-id=\"5f1f8a6\" data-element_type=\"container\">\r\n\t\t\t\t\t<div class=\"e-con-inner\">\r\n\t\t\t\t<div class=\"elementor-element elementor-element-3931b01 elementor-widget elementor-widget-heading\" data-id=\"3931b01\" data-element_type=\"widget\" data-widget_type=\"heading.default\">\r\n\t\t\t\t<div class=\"elementor-widget-container\">\r\n\t\t\t<h2 class=\"elementor-heading-title elementor-size-default\">Fertilit\u00e4tscheck f\u00fcr ihn<\/h2>\t\t<\/div>\r\n\t\t\t\t<\/div>\r\n\t\t\t\t<div class=\"elementor-element elementor-element-11b5ef5 elementor-widget elementor-widget-text-editor\" data-id=\"11b5ef5\" data-element_type=\"widget\" data-widget_type=\"text-editor.default\">\r\n\t\t\t\t<div class=\"elementor-widget-container\">\r\n\t\t\t\t\t\t\t<p><strong><span class=\"s5\">W<\/span><span class=\"s5\">ann bin ich fruchtbar<\/span><span class=\"s5\">?<\/span><\/strong><\/p><p class=\"s4\"><span class=\"s7\">Zeugungsunf\u00e4hig<\/span> <span class=\"s7\">sein hei\u00dft, dass die eigenen Spermien aus irgendeinem Grund nicht in der Lage sind, eine Eizelle zu befruchten<\/span><span class=\"s7\"> bzw. es m\u00f6glicherweise aufgrund m\u00e4nnlicher Faktoren nicht zu einer Schwangerschaft kommt<\/span><span class=\"s7\">. <\/span><span class=\"s7\">Bleibt eine erw\u00fcnschte Schwangerschaft<\/span><span class=\"s7\"> trotz <\/span><span class=\"s7\">regelm\u00e4ssigen<\/span><span class=\"s7\"> Geschlechtsverkehr<\/span><span class=\"s7\"> aus, sollten sich <\/span><span class=\"s7\">immer beide Partner untersuchen lassen<\/span><span class=\"s7\">.<\/span><\/p><p class=\"s4\"><span class=\"s7\">Neben einer urologischen Untersuchung der<\/span><span class=\"s7\">\u00a0\u00e4u\u00dferen Geschlechtsorgane<\/span><span class=\"s7\"> und einer <\/span><span class=\"s7\">Ultraschall-Untersuchung des Hodens<\/span><span class=\"s7\">,<\/span> <span class=\"s7\">bei der die <\/span><span class=\"s7\">Gewebestrukturen des Hodens und des Nebenhodens betrachtet<\/span><span class=\"s7\"> werden<\/span><span class=\"s7\">,<\/span><span class=\"s7\"> ist auch eine Untersuchung <\/span><span class=\"s7\">des Samens<\/span><span class=\"s7\"> unerl\u00e4sslich. Sehr oft <\/span><span class=\"s7\">liefert die Untersuchung einer Samenprobe des Mannes<\/span><span class=\"s7\"> schon wichtige<\/span><span class=\"s7\"> Hinweise auf eine m\u00f6gliche Fruchtbarkeitsst\u00f6rung<\/span><span class=\"s7\">: Hierbei werden G<\/span><span class=\"s7\">esamtzahl der Spermien in der Samenfl\u00fcssigkeit <\/span><span class=\"s7\">bzw. <\/span><span class=\"s7\">die <\/span><span class=\"s7\">Spermienkonzentration <\/span><span class=\"s7\">bestimmt. Untersucht werden dar\u00fcber hinaus die Form und Beweglichkeit der Spermien, der\u00a0pH-Wert\u00a0der Samenfl\u00fcssigkeit sowie zahlreiche weitere Eigenschaften.<\/span><span class=\"s7\"> Mit weiteren molekularbiologischen diagnostischen Testungen k\u00f6nnen dar\u00fcber hinaus die Chromatinkondensation, die DNA-Fragmentierung (DNA-Br\u00fcche) oder das <\/span><span class=\"s7\">Oxidations-Reduktions-Potential in der <\/span><span class=\"s7\">Samenfl\u00fcssigkeit gemessen <\/span><span class=\"s7\">und <\/span><span class=\"s7\">damit<\/span><span class=\"s7\"> m\u00f6glichen <\/span><span class=\"s7\">seminalen<\/span><span class=\"s7\"> oxidativen Stress<\/span><span class=\"s7\"> bestimmt werden. Diese Zusatztestungen erm\u00f6glichen eine weitere Spezifizierung oder Aus<\/span><span class=\"s7\">s<\/span><span class=\"s7\">chluss m\u00f6glicher m\u00e4nnlicher Infertilit\u00e4tsfaktoren. <\/span><span class=\"s7\">Mit einer Hormonuntersuchung kann <\/span><span class=\"s7\">zus\u00e4tzlich \u00fcberpr\u00fcft werden,<\/span><span class=\"s7\"> ob die hormonelle Steuerung der Hodenfunktion gest\u00f6rt ist. Die Untersuchung wird h\u00e4ufig durchgef\u00fchrt, wenn in der Samenfl\u00fcssigkeit\u00a0<\/span><span class=\"s7\">wenige oder keine befruchtungsf\u00e4higen Spermien vorhanden sind.<\/span><\/p><p class=\"s4\"><span class=\"s7\">Wir beraten Sie gerne \u00fcber die M\u00f6glichkeiten eines Fertilit\u00e4tschecks.<\/span><\/p>\t\t\t\t\t\t<\/div>\r\n\t\t\t\t<\/div>\r\n\t\t\t\t\t<\/div>\r\n\t\t\t\t<\/div>\r\n\t\t<div class=\"elementor-element elementor-element-ce35811 e-flex e-con-boxed e-con e-parent\" data-id=\"ce35811\" data-element_type=\"container\">\r\n\t\t\t\t\t<div class=\"e-con-inner\">\r\n\t\t\t\t<div class=\"elementor-element elementor-element-bc85c11 elementor-widget elementor-widget-heading\" data-id=\"bc85c11\" data-element_type=\"widget\" data-widget_type=\"heading.default\">\r\n\t\t\t\t<div class=\"elementor-widget-container\">\r\n\t\t\t<h2 class=\"elementor-heading-title elementor-size-default\">Fertilit\u00e4tscheck auch bei keinem akuten Kinderwunsch?<\/h2>\t\t<\/div>\r\n\t\t\t\t<\/div>\r\n\t\t\t\t<div class=\"elementor-element elementor-element-17629ac elementor-widget elementor-widget-text-editor\" data-id=\"17629ac\" data-element_type=\"widget\" data-widget_type=\"text-editor.default\">\r\n\t\t\t\t<div class=\"elementor-widget-container\">\r\n\t\t\t\t\t\t\t<p class=\"s4\">Gerade bei j\u00fcngeren M\u00e4nnern stellt sich die Frage, ob und inwieweit ein Fertilit\u00e4tscheck sinnvoll ist. Oft besteht noch kein aktueller Kinderwunsch. Dennoch ist sehr oft irgendwann auch f\u00fcr den Mann der Kinderwunsch ein Thema.<\/p><p class=\"s4\">Hier sechs Gr\u00fcnde, die f\u00fcr einen Fertilit\u00e4tscheck sprechen.<\/p><div class=\"s8\"><p>1) Ein Wissen um die eigene Fertilit\u00e4t oder Sterilit\u00e4t ist of besser als nach langj\u00e4hrigem unerf\u00fclltem Kinderwunsch quasi \u201eaus allen Wolken zu fallen\u201c. Auch wenn die Diagnose im ersten Moment nicht gut erscheint: Wissen schafft in diesem Fall Planbarkeit.<\/p><\/div><div class=\"s8\"><p>2) Bei einem Wissen um eine m\u00f6gliche Infertilit\u00e4t k\u00f6nnen gegebenenfalls rechtzeitig die entsprechenden Massnahmen wie IVF, ICSI oder andere reproduktionsmedizinische Therapien ergriffen werden und so ein unn\u00f6tiges Verstreichen der Zeit und damit eine altersbedingte Abnahme der weiblichen Fertilit\u00e4t vermieden werden.<\/p><\/div><div class=\"s8\"><p>3) Auch wenn Mann im Gegensatz zur Frau unabl\u00e4ssig Gameten produziert und dies auch im hohen Alter \u2013 die Spermienqualit\u00e4t wird definitiv nicht besser! Sind bereits Einschr\u00e4nkungen der Spermienqualit\u00e4t vorhanden, ist davon auszugehen, dass sich diese Einschr\u00e4nkungen mit zunehmendem Alter noch verst\u00e4rken! Hier k\u00f6nnen und sollten bei Bedarf Fertilit\u00e4ts-protektive Massnahmen in Erw\u00e4gung gezogen werden.<\/p><\/div><div class=\"s8\"><p>4) Ein pl\u00f6tzlicher Fertilit\u00e4tsverlust bzw. R\u00fcckgang der Spermienqualit\u00e4t k\u00f6nnte ein Hinweis auf eine ernstzunehmende Erkrankung des Hodens sein. Dies bedarf unbedingt einer weiteren Abkl\u00e4rung.<\/p><\/div><div class=\"s8\"><p>5) Zahlreiche <span class=\"s7\">systematische<\/span><span class=\"s7\"> \u00dcbersichten und\u00a0<\/span><span class=\"s7\">Meta-Analysen<\/span><span class=\"s7\">\u00a0<\/span><span class=\"s7\">zeigen inzwischen, dass Infertilit\u00e4t of auch mit vielen Komorbidit\u00e4ten in Verbindung gebracht werden kann. \u00a0Eine Infertilit\u00e4tsdiagnose k\u00f6nnte gegeben<\/span><span class=\"s7\">en<\/span><span class=\"s7\">falls auch<\/span><span class=\"s7\"> Hinweise auf generelle Gesundheitsaspekte liefern.<\/span><\/p><p>\u00a0<\/p><\/div><div class=\"s8\">6) Die Samenqualit\u00e4t unterliegt nat\u00fcrlichen Schwankungen. Abseits davon k\u00f6nnen bestimmte Lifestyle-Faktoren, Medikamenteneinnahmen, Chemo- oder Radiotherapien eine Fertilit\u00e4t beeintr\u00e4chtigen.<\/div><div>\u00a0<\/div><div class=\"s8\">Diese Beeintr\u00e4chtigungen k\u00f6nnen teilweise irreversibel sein oder sehr lange anhalten. Gerade neuere Studien zeigen, dass eine Fertilit\u00e4tsbeeintr\u00e4chtigung durch Anabolika oder Drogenmissbrauch sehr lange persistiert.<\/div>\t\t\t\t\t\t<\/div>\r\n\t\t\t\t<\/div>\r\n\t\t\t\t\t<\/div>\r\n\t\t\t\t<\/div>\r\n\t\t\t\t<\/div>\r\n\t\t","protected":false},"excerpt":{"rendered":"<p>F\u00fcr den Mann Die Andrologie ist ein Spezialgebiet der Medizin. Der Begriff Andrologie leitet sich aus dem griechischen \u03bd\u03b4\u03c1\u03cc\u03c2 andr\u00f3s, \u201eMann\u201c und \u03bb\u03cc\u03b3\u03bf\u03c2 l\u00f3gos \u201eLehre\u201c ab. Die Andrologie ist das Pendant der Gyn\u00e4kologie. Andrologie besch\u00e4ftigt sich mit den spezifischen Problemen des Mannes, insbesondere mit den Fortpflanzungsfunktionen des Mannes, deren Erhalt und wie auch deren St\u00f6rungen. [&hellip;]<\/p>\n","protected":false},"author":2,"featured_media":0,"parent":0,"menu_order":0,"comment_status":"closed","ping_status":"closed","template":"","meta":{"_acf_changed":false,"footnotes":""},"class_list":["post-25107300","page","type-page","status-publish","hentry"],"acf":[],"_links":{"self":[{"href":"https:\/\/ivfschweiz.ch\/index.php\/wp-json\/wp\/v2\/pages\/25107300","targetHints":{"allow":["GET"]}}],"collection":[{"href":"https:\/\/ivfschweiz.ch\/index.php\/wp-json\/wp\/v2\/pages"}],"about":[{"href":"https:\/\/ivfschweiz.ch\/index.php\/wp-json\/wp\/v2\/types\/page"}],"author":[{"embeddable":true,"href":"https:\/\/ivfschweiz.ch\/index.php\/wp-json\/wp\/v2\/users\/2"}],"replies":[{"embeddable":true,"href":"https:\/\/ivfschweiz.ch\/index.php\/wp-json\/wp\/v2\/comments?post=25107300"}],"version-history":[{"count":0,"href":"https:\/\/ivfschweiz.ch\/index.php\/wp-json\/wp\/v2\/pages\/25107300\/revisions"}],"wp:attachment":[{"href":"https:\/\/ivfschweiz.ch\/index.php\/wp-json\/wp\/v2\/media?parent=25107300"}],"curies":[{"name":"wp","href":"https:\/\/api.w.org\/{rel}","templated":true}]}}