{"id":25107244,"date":"2024-04-04T18:24:29","date_gmt":"2024-04-04T18:24:29","guid":{"rendered":"https:\/\/ivfschweiz.ch\/?page_id=25107244"},"modified":"2024-04-04T18:24:29","modified_gmt":"2024-04-04T18:24:29","slug":"folikelpunktion","status":"publish","type":"page","link":"https:\/\/ivfschweiz.ch\/index.php\/folikelpunktion\/","title":{"rendered":"Folikelpunktion"},"content":{"rendered":"\t\t<div data-elementor-type=\"wp-page\" data-elementor-id=\"25107244\" class=\"elementor elementor-25107244\" data-elementor-post-type=\"page\">\r\n\t\t\t\t<div class=\"elementor-element elementor-element-2d0b77e e-flex e-con-boxed e-con e-parent\" data-id=\"2d0b77e\" data-element_type=\"container\">\r\n\t\t\t\t\t<div class=\"e-con-inner\">\r\n\t\t<div class=\"elementor-element elementor-element-403a303 e-con-full e-flex e-con e-child\" data-id=\"403a303\" data-element_type=\"container\">\r\n\t\t\t\t<div class=\"elementor-element elementor-element-6b494a5 elementor-widget elementor-widget-heading\" data-id=\"6b494a5\" data-element_type=\"widget\" data-widget_type=\"heading.default\">\r\n\t\t\t\t<div class=\"elementor-widget-container\">\r\n\t\t\t<style>\/*! elementor - v3.21.0 - 26-05-2024 *\/\n.elementor-heading-title{padding:0;margin:0;line-height:1}.elementor-widget-heading .elementor-heading-title[class*=elementor-size-]>a{color:inherit;font-size:inherit;line-height:inherit}.elementor-widget-heading .elementor-heading-title.elementor-size-small{font-size:15px}.elementor-widget-heading .elementor-heading-title.elementor-size-medium{font-size:19px}.elementor-widget-heading .elementor-heading-title.elementor-size-large{font-size:29px}.elementor-widget-heading .elementor-heading-title.elementor-size-xl{font-size:39px}.elementor-widget-heading .elementor-heading-title.elementor-size-xxl{font-size:59px}<\/style><h2 class=\"elementor-heading-title elementor-size-default\">Folikelpunktion<\/h2>\t\t<\/div>\r\n\t\t\t\t<\/div>\r\n\t\t\t\t<div class=\"elementor-element elementor-element-08854f9 elementor-widget elementor-widget-text-editor\" data-id=\"08854f9\" data-element_type=\"widget\" data-widget_type=\"text-editor.default\">\r\n\t\t\t\t<div class=\"elementor-widget-container\">\r\n\t\t\t<style>\/*! elementor - v3.21.0 - 26-05-2024 *\/\n.elementor-widget-text-editor.elementor-drop-cap-view-stacked .elementor-drop-cap{background-color:#69727d;color:#fff}.elementor-widget-text-editor.elementor-drop-cap-view-framed .elementor-drop-cap{color:#69727d;border:3px solid;background-color:transparent}.elementor-widget-text-editor:not(.elementor-drop-cap-view-default) .elementor-drop-cap{margin-top:8px}.elementor-widget-text-editor:not(.elementor-drop-cap-view-default) .elementor-drop-cap-letter{width:1em;height:1em}.elementor-widget-text-editor .elementor-drop-cap{float:left;text-align:center;line-height:1;font-size:50px}.elementor-widget-text-editor .elementor-drop-cap-letter{display:inline-block}<\/style>\t\t\t\t<p>Die Follikelpunktion ist ein integraler Bestandteil der IVF. Gleichzeitig aber auch mit einer der sensibelsten Schritte.<\/p>\t\t\t\t\t\t<\/div>\r\n\t\t\t\t<\/div>\r\n\t\t\t\t<\/div>\r\n\t\t<div class=\"elementor-element elementor-element-6b726e0 e-con-full e-flex e-con e-child\" data-id=\"6b726e0\" data-element_type=\"container\">\r\n\t\t\t\t<div class=\"elementor-element elementor-element-19c88d3 elementor-widget elementor-widget-image\" data-id=\"19c88d3\" data-element_type=\"widget\" data-widget_type=\"image.default\">\r\n\t\t\t\t<div class=\"elementor-widget-container\">\r\n\t\t\t<style>\/*! elementor - v3.21.0 - 26-05-2024 *\/\n.elementor-widget-image{text-align:center}.elementor-widget-image a{display:inline-block}.elementor-widget-image a img[src$=\".svg\"]{width:48px}.elementor-widget-image img{vertical-align:middle;display:inline-block}<\/style>\t\t\t\t\t\t\t\t\t\t<img decoding=\"async\" src=\"https:\/\/ivfschweiz.ch\/wp-content\/uploads\/2023\/10\/follikel-punktion.png\" title=\"\" alt=\"\" loading=\"lazy\" \/>\t\t\t\t\t\t\t\t\t\t\t\t\t<\/div>\r\n\t\t\t\t<\/div>\r\n\t\t\t\t<\/div>\r\n\t\t\t\t\t<\/div>\r\n\t\t\t\t<\/div>\r\n\t\t<div class=\"elementor-element elementor-element-ea39a2f e-flex e-con-boxed e-con e-parent\" data-id=\"ea39a2f\" data-element_type=\"container\">\r\n\t\t\t\t\t<div class=\"e-con-inner\">\r\n\t\t\t\t<div class=\"elementor-element elementor-element-c7c901b elementor-widget elementor-widget-text-editor\" data-id=\"c7c901b\" data-element_type=\"widget\" data-widget_type=\"text-editor.default\">\r\n\t\t\t\t<div class=\"elementor-widget-container\">\r\n\t\t\t\t\t\t\t<p>Die Follikelpunktion wird ambulant im IVF-Zentrum durchgef\u00fchrt. Die Entnahme der Eizellen aus den Eibl\u00e4schen (Follikel) erfolgt mit Hilfe modernster Ultraschalltechnik transvaginal (durch die Scheide). Dabei wird in der Regel eine leichte Sedierung vorgenommen um Unannehmlichkeiten oder Schmerzen zu vermieden und dem behandelnden Arzt den Eingriff zu erleichtern. Der Vorgang an sich ist komplikationslos<\/p>\t\t\t\t\t\t<\/div>\r\n\t\t\t\t<\/div>\r\n\t\t\t\t\t<\/div>\r\n\t\t\t\t<\/div>\r\n\t\t<div class=\"elementor-element elementor-element-c9008c9 e-flex e-con-boxed e-con e-parent\" data-id=\"c9008c9\" data-element_type=\"container\">\r\n\t\t\t\t\t<div class=\"e-con-inner\">\r\n\t\t\t\t<div class=\"elementor-element elementor-element-27ec212 elementor-widget elementor-widget-heading\" data-id=\"27ec212\" data-element_type=\"widget\" data-widget_type=\"heading.default\">\r\n\t\t\t\t<div class=\"elementor-widget-container\">\r\n\t\t\t<h2 class=\"elementor-heading-title elementor-size-default\">Ablauf<\/h2>\t\t<\/div>\r\n\t\t\t\t<\/div>\r\n\t\t\t\t<div class=\"elementor-element elementor-element-6701431 elementor-widget elementor-widget-text-editor\" data-id=\"6701431\" data-element_type=\"widget\" data-widget_type=\"text-editor.default\">\r\n\t\t\t\t<div class=\"elementor-widget-container\">\r\n\t\t\t\t\t\t\t<p>Mit der Sedierung beginnt die Follikelpunktion. Diese wird mittels 3D-Ultraschall gesteuert.<\/p><p>Mit einer Vaginalsonde werden die Follikel dargestellt. Entlang einer eingeblendeten F\u00fchrungslinie wird die Nadel durch die Scheide direkt in das Eibl\u00e4schen eingef\u00fchrt und die Follikelfl\u00fcssigkeit sowie die sich darin befindliche Eizelle abgesaugt.<\/p><p>Mitunter l\u00f6st sich beim Anstechen der Eibl\u00e4schen die Eizelle nicht optimal aus dem Eibl\u00e4schen. Daher werden die Follikel gesp\u00fclt (sogenanntes \u201e<strong>Flushing<\/strong>\u201c). Dadurch soll gew\u00e4hrleistet werden, dass m\u00f6glichst viele Eizellen gewonnen werden und das Risiko eines m\u00f6glichen Eizellverlustes minimiert wird. Die abgesaugte Fl\u00fcssigkeit wird in sterile Reagenzgl\u00e4ser \u00fcberf\u00fchrt.<\/p><p>Im Labor wird die Fl\u00fcssigkeit unmittelbar nach reifen Eizellen untersucht und die Qualit\u00e4t beurteilt. Die gewonnenen Eizellen werden mittels <strong>IVF<\/strong> oder<strong> ICSI<\/strong> befruchtet. Nach der Follikelpunktion wird die Patientin bis zum Aufwachen in einen Ruheraum gebracht<\/p>\t\t\t\t\t\t<\/div>\r\n\t\t\t\t<\/div>\r\n\t\t\t\t\t<\/div>\r\n\t\t\t\t<\/div>\r\n\t\t<div class=\"elementor-element elementor-element-2624b23 e-flex e-con-boxed e-con e-parent\" data-id=\"2624b23\" data-element_type=\"container\">\r\n\t\t\t\t\t<div class=\"e-con-inner\">\r\n\t\t\t\t<div class=\"elementor-element elementor-element-02ca200 elementor-widget elementor-widget-heading\" data-id=\"02ca200\" data-element_type=\"widget\" data-widget_type=\"heading.default\">\r\n\t\t\t\t<div class=\"elementor-widget-container\">\r\n\t\t\t<h2 class=\"elementor-heading-title elementor-size-default\">M\u00f6gliche Nebenwirkungen<\/h2>\t\t<\/div>\r\n\t\t\t\t<\/div>\r\n\t\t\t\t<div class=\"elementor-element elementor-element-9f389c1 elementor-widget elementor-widget-text-editor\" data-id=\"9f389c1\" data-element_type=\"widget\" data-widget_type=\"text-editor.default\">\r\n\t\t\t\t<div class=\"elementor-widget-container\">\r\n\t\t\t\t\t\t\t<p>M\u00f6gliche Nebenwirkungen<\/p><p>\u00a0<\/p><p>In der Regel wird die Sedierung gut vertragen. In seltenen F\u00e4llen k\u00f6nnen \u00dcbelkeit, Erbrechen, Juckreiz in der Nase oder Kreislaufprobleme (Schwindelgef\u00fchl, niedriger Blutdruck) auftreten.<\/p><p>Risiken durch den Eingriff sind dabei noch seltener. Theoretisch besteht das Risiko von Blutungen oder einer Beckeninfektion.<\/p><p>Nach dem Eingriff ist ein Ziehen im Unterleib durchaus m\u00f6glich. Das Schmerzempfinden ist bei jedem Menschen anders und kann auch von der Tagesverfassung abh\u00e4ngig sein. Im Normalfall reicht im Bedarfsfall eine Schmerztablette. Bevor das Kinderwunschpaar das IVF-Zentrum verl\u00e4sst, wird bei der Patientin noch einmal der Blutdruck gemessen und das Befinden \u00fcberpr\u00fcft. Innerhalb der ersten 24 Stunden nach der Punktion darf die Patientin nicht unbeaufsichtigt bleiben. <u>Aufgrund des <\/u><u>An\u00e4sthetikums darf die Patientin in dieser Zeit auch nicht aktiv am Strassenverkehr teilnehmen<\/u>! \u00a0Au\u00dferdem sollte aufgrund des Infektionsrisikos in den ersten Tagen nach der Punktion ein Besuch in der Sauna \/ im Schwimmbad und Geschlechtsverkehr vermieden werden<\/p>\t\t\t\t\t\t<\/div>\r\n\t\t\t\t<\/div>\r\n\t\t\t\t\t<\/div>\r\n\t\t\t\t<\/div>\r\n\t\t<div class=\"elementor-element elementor-element-284b7b1e e-con-full e-flex e-con e-parent\" data-id=\"284b7b1e\" data-element_type=\"container\" data-settings=\"{&quot;background_background&quot;:&quot;gradient&quot;}\">\r\n\t\t<div class=\"elementor-element elementor-element-41f1fb39 e-con-full e-flex e-con e-child\" data-id=\"41f1fb39\" data-element_type=\"container\">\r\n\t\t\t\t<div class=\"elementor-element elementor-element-41350746 elementor-widget elementor-widget-heading\" data-id=\"41350746\" data-element_type=\"widget\" data-widget_type=\"heading.default\">\r\n\t\t\t\t<div class=\"elementor-widget-container\">\r\n\t\t\t<h2 class=\"elementor-heading-title elementor-size-default\">H\u00e4ufigsten Fragen<\/h2>\t\t<\/div>\r\n\t\t\t\t<\/div>\r\n\t\t\t\t<\/div>\r\n\t\t\t\t<div class=\"elementor-element elementor-element-2758f5bf elementor-widget__width-initial elementor-widget elementor-widget-toggle\" data-id=\"2758f5bf\" data-element_type=\"widget\" data-widget_type=\"toggle.default\">\r\n\t\t\t\t<div class=\"elementor-widget-container\">\r\n\t\t\t<style>\/*! elementor - v3.21.0 - 26-05-2024 *\/\n.elementor-toggle{text-align:start}.elementor-toggle .elementor-tab-title{font-weight:700;line-height:1;margin:0;padding:15px;border-bottom:1px solid #d5d8dc;cursor:pointer;outline:none}.elementor-toggle .elementor-tab-title .elementor-toggle-icon{display:inline-block;width:1em}.elementor-toggle .elementor-tab-title .elementor-toggle-icon svg{margin-inline-start:-5px;width:1em;height:1em}.elementor-toggle .elementor-tab-title .elementor-toggle-icon.elementor-toggle-icon-right{float:right;text-align:right}.elementor-toggle .elementor-tab-title .elementor-toggle-icon.elementor-toggle-icon-left{float:left;text-align:left}.elementor-toggle .elementor-tab-title .elementor-toggle-icon .elementor-toggle-icon-closed{display:block}.elementor-toggle .elementor-tab-title .elementor-toggle-icon .elementor-toggle-icon-opened{display:none}.elementor-toggle .elementor-tab-title.elementor-active{border-bottom:none}.elementor-toggle .elementor-tab-title.elementor-active .elementor-toggle-icon-closed{display:none}.elementor-toggle .elementor-tab-title.elementor-active .elementor-toggle-icon-opened{display:block}.elementor-toggle .elementor-tab-content{padding:15px;border-bottom:1px solid #d5d8dc;display:none}@media (max-width:767px){.elementor-toggle .elementor-tab-title{padding:12px}.elementor-toggle .elementor-tab-content{padding:12px 10px}}.e-con-inner>.elementor-widget-toggle,.e-con>.elementor-widget-toggle{width:var(--container-widget-width);--flex-grow:var(--container-widget-flex-grow)}<\/style>\t\t<div class=\"elementor-toggle\">\r\n\t\t\t\t\t\t\t<div class=\"elementor-toggle-item\">\r\n\t\t\t\t\t<h5 id=\"elementor-tab-title-6601\" class=\"elementor-tab-title\" data-tab=\"1\" role=\"button\" aria-controls=\"elementor-tab-content-6601\" aria-expanded=\"false\">\r\n\t\t\t\t\t\t\t\t\t\t\t\t<a class=\"elementor-toggle-title\" tabindex=\"0\">Brauche ich die Follikelpunktion unbedingt?<\/a>\r\n\t\t\t\t\t<\/h5>\r\n\r\n\t\t\t\t\t<div id=\"elementor-tab-content-6601\" class=\"elementor-tab-content elementor-clearfix\" data-tab=\"1\" role=\"region\" aria-labelledby=\"elementor-tab-title-6601\"><p>Ja, sowohl bei der IVF als auch bei der IVF\/ ICSI ist die Follikelpunktion Grundvoraussetzung. Bei einer Eizellspende wird der Spernderin die Follikelpunktion vorgenommen.<\/p><\/div>\r\n\t\t\t\t<\/div>\r\n\t\t\t\t\t\t\t<div class=\"elementor-toggle-item\">\r\n\t\t\t\t\t<h5 id=\"elementor-tab-title-6602\" class=\"elementor-tab-title\" data-tab=\"2\" role=\"button\" aria-controls=\"elementor-tab-content-6602\" aria-expanded=\"false\">\r\n\t\t\t\t\t\t\t\t\t\t\t\t<a class=\"elementor-toggle-title\" tabindex=\"0\">Kann ich eine Follikelpunktion auch ohne Bet\u00e4ubung machen lassen?<\/a>\r\n\t\t\t\t\t<\/h5>\r\n\r\n\t\t\t\t\t<div id=\"elementor-tab-content-6602\" class=\"elementor-tab-content elementor-clearfix\" data-tab=\"2\" role=\"region\" aria-labelledby=\"elementor-tab-title-6602\"><p>Ja, k\u00f6nnen Sie. Dies ist aber nicht unbedingt ratsam, aufgrund der auftretenden Beschwerden. Zudem k\u00f6nnte es aufgrund der Beschwerden der Patientin m\u00f6glich sein, dass der Arzt den Eingriff nicht effizient durchf\u00fchren kann und die Anzahl der gewonnenen Follikel geringer ausf\u00e4llt.<\/p><\/div>\r\n\t\t\t\t<\/div>\r\n\t\t\t\t\t\t\t<div class=\"elementor-toggle-item\">\r\n\t\t\t\t\t<h5 id=\"elementor-tab-title-6603\" class=\"elementor-tab-title\" data-tab=\"3\" role=\"button\" aria-controls=\"elementor-tab-content-6603\" aria-expanded=\"false\">\r\n\t\t\t\t\t\t\t\t\t\t\t\t<a class=\"elementor-toggle-title\" tabindex=\"0\">Ist die Narkose sicher?<\/a>\r\n\t\t\t\t\t<\/h5>\r\n\r\n\t\t\t\t\t<div id=\"elementor-tab-content-6603\" class=\"elementor-tab-content elementor-clearfix\" data-tab=\"3\" role=\"region\" aria-labelledby=\"elementor-tab-title-6603\"><p>Ja, das Sedierungsmittel ist meist gut vertr\u00e4glich und dar\u00fcber hinaus nur kurz wirksam und daher ausgesprochen gut steuerbar und f\u00fchrt lediglich zu einer Art \u201etiefen Schlafes\u201c. Die Sedierung wird auch nur entsprechend der Anwendungsempfehlung von unseren erfahrenen Spezialisten angewandt.<\/p><\/div>\r\n\t\t\t\t<\/div>\r\n\t\t\t\t\t\t\t<div class=\"elementor-toggle-item\">\r\n\t\t\t\t\t<h5 id=\"elementor-tab-title-6604\" class=\"elementor-tab-title\" data-tab=\"4\" role=\"button\" aria-controls=\"elementor-tab-content-6604\" aria-expanded=\"false\">\r\n\t\t\t\t\t\t\t\t\t\t\t\t<a class=\"elementor-toggle-title\" tabindex=\"0\">Sind Unterleibschmerzen nach einer Follikelpunktion normal?<\/a>\r\n\t\t\t\t\t<\/h5>\r\n\r\n\t\t\t\t\t<div id=\"elementor-tab-content-6604\" class=\"elementor-tab-content elementor-clearfix\" data-tab=\"4\" role=\"region\" aria-labelledby=\"elementor-tab-title-6604\"><p>Ja, dies ist vollkommen normal. Meist wird ein Ziehen oder ein Druckgef\u00fchl empfunden, das aber im Verlauf weniger Tage verschwindet. Meist ist er nur am Tag der Punktion sp\u00fcrbar.<\/p><\/div>\r\n\t\t\t\t<\/div>\r\n\t\t\t\t\t\t\t\t<\/div>\r\n\t\t\t\t<\/div>\r\n\t\t\t\t<\/div>\r\n\t\t\t\t<\/div>\r\n\t\t\t\t<\/div>\r\n\t\t","protected":false},"excerpt":{"rendered":"<p>Folikelpunktion Die Follikelpunktion ist ein integraler Bestandteil der IVF. Gleichzeitig aber auch mit einer der sensibelsten Schritte. Die Follikelpunktion wird ambulant im IVF-Zentrum durchgef\u00fchrt. Die Entnahme der Eizellen aus den Eibl\u00e4schen (Follikel) erfolgt mit Hilfe modernster Ultraschalltechnik transvaginal (durch die Scheide). Dabei wird in der Regel eine leichte Sedierung vorgenommen um Unannehmlichkeiten oder Schmerzen zu [&hellip;]<\/p>\n","protected":false},"author":2,"featured_media":0,"parent":0,"menu_order":0,"comment_status":"closed","ping_status":"closed","template":"","meta":{"_acf_changed":false,"footnotes":""},"class_list":["post-25107244","page","type-page","status-publish","hentry"],"acf":[],"_links":{"self":[{"href":"https:\/\/ivfschweiz.ch\/index.php\/wp-json\/wp\/v2\/pages\/25107244","targetHints":{"allow":["GET"]}}],"collection":[{"href":"https:\/\/ivfschweiz.ch\/index.php\/wp-json\/wp\/v2\/pages"}],"about":[{"href":"https:\/\/ivfschweiz.ch\/index.php\/wp-json\/wp\/v2\/types\/page"}],"author":[{"embeddable":true,"href":"https:\/\/ivfschweiz.ch\/index.php\/wp-json\/wp\/v2\/users\/2"}],"replies":[{"embeddable":true,"href":"https:\/\/ivfschweiz.ch\/index.php\/wp-json\/wp\/v2\/comments?post=25107244"}],"version-history":[{"count":0,"href":"https:\/\/ivfschweiz.ch\/index.php\/wp-json\/wp\/v2\/pages\/25107244\/revisions"}],"wp:attachment":[{"href":"https:\/\/ivfschweiz.ch\/index.php\/wp-json\/wp\/v2\/media?parent=25107244"}],"curies":[{"name":"wp","href":"https:\/\/api.w.org\/{rel}","templated":true}]}}